{"id":1997,"date":"2022-11-23T15:53:24","date_gmt":"2022-11-23T15:53:24","guid":{"rendered":"https:\/\/iesanta.edu.pe\/portal\/?page_id=1997"},"modified":"2024-04-03T12:45:23","modified_gmt":"2024-04-03T17:45:23","slug":"denuncias-y-reclamos","status":"publish","type":"page","link":"https:\/\/pedagogicovirgendelanatividad.edu.pe\/portal\/denuncias-y-reclamos\/","title":{"rendered":"Denuncias y Reclamos"},"content":{"rendered":"\t\t<div data-elementor-type=\"wp-page\" data-elementor-id=\"1997\" class=\"elementor elementor-1997\">\n\t\t\t\t\t\t<section class=\"elementor-section elementor-top-section elementor-element elementor-element-6e54d3d elementor-section-stretched elementor-section-boxed elementor-section-height-default elementor-section-height-default\" data-id=\"6e54d3d\" data-element_type=\"section\" data-settings=\"{&quot;stretch_section&quot;:&quot;section-stretched&quot;}\">\n\t\t\t\t\t\t<div class=\"elementor-container elementor-column-gap-default\">\n\t\t\t\t\t<div class=\"elementor-column elementor-col-100 elementor-top-column elementor-element elementor-element-d782ad1\" data-id=\"d782ad1\" data-element_type=\"column\" data-settings=\"{&quot;background_background&quot;:&quot;classic&quot;}\">\n\t\t\t<div class=\"elementor-widget-wrap elementor-element-populated\">\n\t\t\t\t\t\t<div class=\"elementor-element elementor-element-16fd5bc elementor-invisible elementor-widget elementor-widget-heading\" data-id=\"16fd5bc\" data-element_type=\"widget\" data-settings=\"{&quot;_animation&quot;:&quot;fadeIn&quot;}\" data-widget_type=\"heading.default\">\n\t\t\t\t<div class=\"elementor-widget-container\">\n\t\t\t\t\t<h1 class=\"elementor-heading-title elementor-size-default\">CANALES DE ATENCI\u00d3N ANTE QUEJAS, DENUNCIAS O SUGERENCIAS<\/h1>\t\t\t\t<\/div>\n\t\t\t\t<\/div>\n\t\t\t\t<section class=\"elementor-section elementor-inner-section elementor-element elementor-element-8d9ff53 elementor-section-boxed elementor-section-height-default elementor-section-height-default\" data-id=\"8d9ff53\" data-element_type=\"section\">\n\t\t\t\t\t\t<div class=\"elementor-container elementor-column-gap-default\">\n\t\t\t\t\t<div class=\"elementor-column elementor-col-50 elementor-inner-column elementor-element elementor-element-7cd0b3c\" data-id=\"7cd0b3c\" data-element_type=\"column\">\n\t\t\t<div class=\"elementor-widget-wrap elementor-element-populated\">\n\t\t\t\t\t\t<div class=\"elementor-element elementor-element-a5d236c elementor-widget elementor-widget-text-editor\" data-id=\"a5d236c\" data-element_type=\"widget\" data-widget_type=\"text-editor.default\">\n\t\t\t\t<div class=\"elementor-widget-container\">\n\t\t\t\t\t\t\t\t\t<p>Conoce los canales de atenci\u00f3n que ponemos a tu disposici\u00f3n ante quejas, denuncias o sugerencias de los usuarios del IESPP Virgen de la Natividad. Estamos para prevenir la vulneraci\u00f3n de los derechos de los usuarios del sector educaci\u00f3n. Puedes llamar de lunes a viernes de 8:00 am. a 03:00 pm.<\/p><p>Recuerde, cada d\u00eda estamos para aprender y mejorar juntos.<\/p>\t\t\t\t\t\t\t\t<\/div>\n\t\t\t\t<\/div>\n\t\t\t\t<div class=\"elementor-element elementor-element-9d7aab3 elementor-widget elementor-widget-heading\" data-id=\"9d7aab3\" data-element_type=\"widget\" data-widget_type=\"heading.default\">\n\t\t\t\t<div class=\"elementor-widget-container\">\n\t\t\t\t\t<h2 class=\"elementor-heading-title elementor-size-default\">Cont\u00e1ctanos<\/h2>\t\t\t\t<\/div>\n\t\t\t\t<\/div>\n\t\t\t\t<div class=\"elementor-element elementor-element-97dbd24 elementor-icon-list--layout-traditional elementor-list-item-link-full_width elementor-widget elementor-widget-icon-list\" data-id=\"97dbd24\" data-element_type=\"widget\" data-widget_type=\"icon-list.default\">\n\t\t\t\t<div class=\"elementor-widget-container\">\n\t\t\t\t\t\t\t<ul class=\"elementor-icon-list-items\">\n\t\t\t\t\t\t\t<li class=\"elementor-icon-list-item\">\n\t\t\t\t\t\t\t\t\t\t\t<span class=\"elementor-icon-list-icon\">\n\t\t\t\t\t\t\t<i aria-hidden=\"true\" class=\"fab fa-whatsapp\"><\/i>\t\t\t\t\t\t<\/span>\n\t\t\t\t\t\t\t\t\t\t<span class=\"elementor-icon-list-text\">944 273 891<\/span>\n\t\t\t\t\t\t\t\t\t<\/li>\n\t\t\t\t\t\t\t\t<li class=\"elementor-icon-list-item\">\n\t\t\t\t\t\t\t\t\t\t\t<span class=\"elementor-icon-list-icon\">\n\t\t\t\t\t\t\t<i aria-hidden=\"true\" class=\"fas fa-phone-alt\"><\/i>\t\t\t\t\t\t<\/span>\n\t\t\t\t\t\t\t\t\t\t<span class=\"elementor-icon-list-text\">944 273 891<\/span>\n\t\t\t\t\t\t\t\t\t<\/li>\n\t\t\t\t\t\t<\/ul>\n\t\t\t\t\t\t<\/div>\n\t\t\t\t<\/div>\n\t\t\t\t\t<\/div>\n\t\t<\/div>\n\t\t\t\t<div class=\"elementor-column elementor-col-50 elementor-inner-column elementor-element elementor-element-d30b0b2\" data-id=\"d30b0b2\" data-element_type=\"column\">\n\t\t\t<div class=\"elementor-widget-wrap elementor-element-populated\">\n\t\t\t\t\t\t<div class=\"elementor-element elementor-element-744eb2d elementor-widget elementor-widget-image\" data-id=\"744eb2d\" data-element_type=\"widget\" data-widget_type=\"image.default\">\n\t\t\t\t<div class=\"elementor-widget-container\">\n\t\t\t\t\t\t\t\t\t\t\t\t\t\t\t<img fetchpriority=\"high\" decoding=\"async\" width=\"635\" height=\"238\" src=\"https:\/\/pedagogicovirgendelanatividad.edu.pe\/portal\/wp-content\/uploads\/2023\/09\/Captura-de-pantalla-2023-09-21-150003.jpg\" class=\"attachment-large size-large wp-image-3559\" alt=\"\" srcset=\"https:\/\/pedagogicovirgendelanatividad.edu.pe\/portal\/wp-content\/uploads\/2023\/09\/Captura-de-pantalla-2023-09-21-150003.jpg 635w, https:\/\/pedagogicovirgendelanatividad.edu.pe\/portal\/wp-content\/uploads\/2023\/09\/Captura-de-pantalla-2023-09-21-150003-300x112.jpg 300w\" sizes=\"(max-width: 635px) 100vw, 635px\" \/>\t\t\t\t\t\t\t\t\t\t\t\t\t\t\t<\/div>\n\t\t\t\t<\/div>\n\t\t\t\t\t<\/div>\n\t\t<\/div>\n\t\t\t\t\t<\/div>\n\t\t<\/section>\n\t\t\t\t\t<\/div>\n\t\t<\/div>\n\t\t\t\t\t<\/div>\n\t\t<\/section>\n\t\t\t\t<\/div>\n\t\t","protected":false},"excerpt":{"rendered":"<p class=\"tx-excerpt\">CANALES DE ATENCI\u00d3N ANTE QUEJAS, DENUNCIAS O SUGERENCIAS Conoce los canales de atenci\u00f3n que ponemos a tu disposici\u00f3n ante quejas, denuncias o sugerencias<div class=\"tx-read-more\"><a href=\"https:\/\/pedagogicovirgendelanatividad.edu.pe\/portal\/denuncias-y-reclamos\/\">Seguir Leyendo<\/a><\/div>","protected":false},"author":1,"featured_media":0,"parent":0,"menu_order":0,"comment_status":"closed","ping_status":"closed","template":"elementor_header_footer","meta":{"footnotes":""},"class_list":["post-1997","page","type-page","status-publish","hentry"],"_links":{"self":[{"href":"https:\/\/pedagogicovirgendelanatividad.edu.pe\/portal\/wp-json\/wp\/v2\/pages\/1997","targetHints":{"allow":["GET"]}}],"collection":[{"href":"https:\/\/pedagogicovirgendelanatividad.edu.pe\/portal\/wp-json\/wp\/v2\/pages"}],"about":[{"href":"https:\/\/pedagogicovirgendelanatividad.edu.pe\/portal\/wp-json\/wp\/v2\/types\/page"}],"author":[{"embeddable":true,"href":"https:\/\/pedagogicovirgendelanatividad.edu.pe\/portal\/wp-json\/wp\/v2\/users\/1"}],"replies":[{"embeddable":true,"href":"https:\/\/pedagogicovirgendelanatividad.edu.pe\/portal\/wp-json\/wp\/v2\/comments?post=1997"}],"version-history":[{"count":12,"href":"https:\/\/pedagogicovirgendelanatividad.edu.pe\/portal\/wp-json\/wp\/v2\/pages\/1997\/revisions"}],"predecessor-version":[{"id":4230,"href":"https:\/\/pedagogicovirgendelanatividad.edu.pe\/portal\/wp-json\/wp\/v2\/pages\/1997\/revisions\/4230"}],"wp:attachment":[{"href":"https:\/\/pedagogicovirgendelanatividad.edu.pe\/portal\/wp-json\/wp\/v2\/media?parent=1997"}],"curies":[{"name":"wp","href":"https:\/\/api.w.org\/{rel}","templated":true}]}}