{"id":2043,"date":"2022-11-29T09:27:32","date_gmt":"2022-11-29T14:27:32","guid":{"rendered":"https:\/\/iesvelille.edu.pe\/portal\/?page_id=2043"},"modified":"2023-09-22T14:49:56","modified_gmt":"2023-09-22T19:49:56","slug":"galeria","status":"publish","type":"page","link":"https:\/\/pedagogicovirgendelanatividad.edu.pe\/portal\/galeria\/","title":{"rendered":"Galer\u00eda"},"content":{"rendered":"\t\t<div data-elementor-type=\"wp-page\" data-elementor-id=\"2043\" class=\"elementor elementor-2043\">\n\t\t\t\t\t\t<section class=\"elementor-section elementor-top-section elementor-element elementor-element-b289953 elementor-section-stretched elementor-section-boxed elementor-section-height-default elementor-section-height-default\" data-id=\"b289953\" data-element_type=\"section\" data-settings=\"{&quot;stretch_section&quot;:&quot;section-stretched&quot;}\">\n\t\t\t\t\t\t<div class=\"elementor-container elementor-column-gap-default\">\n\t\t\t\t\t<div class=\"elementor-column elementor-col-100 elementor-top-column elementor-element elementor-element-f96b824\" data-id=\"f96b824\" data-element_type=\"column\">\n\t\t\t<div class=\"elementor-widget-wrap elementor-element-populated\">\n\t\t\t\t\t\t<div class=\"elementor-element elementor-element-bf9c967 elementor-widget elementor-widget-image-gallery\" data-id=\"bf9c967\" data-element_type=\"widget\" data-widget_type=\"image-gallery.default\">\n\t\t\t\t<div class=\"elementor-widget-container\">\n\t\t\t\t\t\t\t<div class=\"elementor-image-gallery\">\n\t\t\t\n\t\t<style type=\"text\/css\">\n\t\t\t#gallery-1 {\n\t\t\t\tmargin: auto;\n\t\t\t}\n\t\t\t#gallery-1 .gallery-item {\n\t\t\t\tfloat: left;\n\t\t\t\tmargin-top: 10px;\n\t\t\t\ttext-align: center;\n\t\t\t\twidth: 33%;\n\t\t\t}\n\t\t\t#gallery-1 img {\n\t\t\t\tborder: 2px solid #cfcfcf;\n\t\t\t}\n\t\t\t#gallery-1 .gallery-caption {\n\t\t\t\tmargin-left: 0;\n\t\t\t}\n\t\t\t\/* see gallery_shortcode() in wp-includes\/media.php *\/\n\t\t<\/style>\n\t\t<div id='gallery-1' class='gallery galleryid-2043 gallery-columns-3 gallery-size-tx-l-thumb'><dl class='gallery-item'>\n\t\t\t<dt class='gallery-icon landscape'>\n\t\t\t\t<a data-elementor-open-lightbox=\"yes\" data-elementor-lightbox-slideshow=\"bf9c967\" data-elementor-lightbox-title=\"293757126_1081260062600000_5008180160831967988_n\" data-e-action-hash=\"#elementor-action%3Aaction%3Dlightbox%26settings%3DeyJpZCI6MzQzNywidXJsIjoiaHR0cHM6XC9cL3BlZGFnb2dpY292aXJnZW5kZWxhbmF0aXZpZGFkLmVkdS5wZVwvcG9ydGFsXC93cC1jb250ZW50XC91cGxvYWRzXC8yMDIzXC8wOVwvMjkzNzU3MTI2XzEwODEyNjAwNjI2MDAwMDBfNTAwODE4MDE2MDgzMTk2Nzk4OF9uLmpwZyIsInNsaWRlc2hvdyI6ImJmOWM5NjcifQ%3D%3D\" href='https:\/\/pedagogicovirgendelanatividad.edu.pe\/portal\/wp-content\/uploads\/2023\/09\/293757126_1081260062600000_5008180160831967988_n.jpg'><img fetchpriority=\"high\" decoding=\"async\" width=\"770\" height=\"420\" src=\"https:\/\/pedagogicovirgendelanatividad.edu.pe\/portal\/wp-content\/uploads\/2023\/09\/293757126_1081260062600000_5008180160831967988_n-770x420.jpg\" class=\"attachment-tx-l-thumb size-tx-l-thumb\" alt=\"\" \/><\/a>\n\t\t\t<\/dt><\/dl><dl class='gallery-item'>\n\t\t\t<dt class='gallery-icon landscape'>\n\t\t\t\t<a data-elementor-open-lightbox=\"yes\" data-elementor-lightbox-slideshow=\"bf9c967\" data-elementor-lightbox-title=\"WhatsApp Image 2023-07-06 at 2.16.20 PM\" data-e-action-hash=\"#elementor-action%3Aaction%3Dlightbox%26settings%3DeyJpZCI6MzQyMSwidXJsIjoiaHR0cHM6XC9cL3BlZGFnb2dpY292aXJnZW5kZWxhbmF0aXZpZGFkLmVkdS5wZVwvcG9ydGFsXC93cC1jb250ZW50XC91cGxvYWRzXC8yMDIzXC8wOVwvV2hhdHNBcHAtSW1hZ2UtMjAyMy0wNy0wNi1hdC0yLjE2LjIwLVBNLmpwZWciLCJzbGlkZXNob3ciOiJiZjljOTY3In0%3D\" href='https:\/\/pedagogicovirgendelanatividad.edu.pe\/portal\/wp-content\/uploads\/2023\/09\/WhatsApp-Image-2023-07-06-at-2.16.20-PM.jpeg'><img decoding=\"async\" width=\"770\" height=\"420\" src=\"https:\/\/pedagogicovirgendelanatividad.edu.pe\/portal\/wp-content\/uploads\/2023\/09\/WhatsApp-Image-2023-07-06-at-2.16.20-PM-770x420.jpeg\" class=\"attachment-tx-l-thumb size-tx-l-thumb\" alt=\"\" \/><\/a>\n\t\t\t<\/dt><\/dl><dl class='gallery-item'>\n\t\t\t<dt class='gallery-icon landscape'>\n\t\t\t\t<a data-elementor-open-lightbox=\"yes\" data-elementor-lightbox-slideshow=\"bf9c967\" data-elementor-lightbox-title=\"370596787_637564548443205_1728619798077015050_n\" data-e-action-hash=\"#elementor-action%3Aaction%3Dlightbox%26settings%3DeyJpZCI6MzQyNywidXJsIjoiaHR0cHM6XC9cL3BlZGFnb2dpY292aXJnZW5kZWxhbmF0aXZpZGFkLmVkdS5wZVwvcG9ydGFsXC93cC1jb250ZW50XC91cGxvYWRzXC8yMDIzXC8wOVwvMzcwNTk2Nzg3XzYzNzU2NDU0ODQ0MzIwNV8xNzI4NjE5Nzk4MDc3MDE1MDUwX24uanBnIiwic2xpZGVzaG93IjoiYmY5Yzk2NyJ9\" href='https:\/\/pedagogicovirgendelanatividad.edu.pe\/portal\/wp-content\/uploads\/2023\/09\/370596787_637564548443205_1728619798077015050_n.jpg'><img decoding=\"async\" width=\"770\" height=\"420\" src=\"https:\/\/pedagogicovirgendelanatividad.edu.pe\/portal\/wp-content\/uploads\/2023\/09\/370596787_637564548443205_1728619798077015050_n-770x420.jpg\" class=\"attachment-tx-l-thumb size-tx-l-thumb\" alt=\"\" \/><\/a>\n\t\t\t<\/dt><\/dl><br style=\"clear: both\" \/><dl class='gallery-item'>\n\t\t\t<dt class='gallery-icon landscape'>\n\t\t\t\t<a data-elementor-open-lightbox=\"yes\" data-elementor-lightbox-slideshow=\"bf9c967\" data-elementor-lightbox-title=\"WhatsApp Image 2023-05-23 at 11.43.27 AM (1)\" data-e-action-hash=\"#elementor-action%3Aaction%3Dlightbox%26settings%3DeyJpZCI6MzQyMywidXJsIjoiaHR0cHM6XC9cL3BlZGFnb2dpY292aXJnZW5kZWxhbmF0aXZpZGFkLmVkdS5wZVwvcG9ydGFsXC93cC1jb250ZW50XC91cGxvYWRzXC8yMDIzXC8wOVwvV2hhdHNBcHAtSW1hZ2UtMjAyMy0wNS0yMy1hdC0xMS40My4yNy1BTS0xLmpwZWciLCJzbGlkZXNob3ciOiJiZjljOTY3In0%3D\" href='https:\/\/pedagogicovirgendelanatividad.edu.pe\/portal\/wp-content\/uploads\/2023\/09\/WhatsApp-Image-2023-05-23-at-11.43.27-AM-1.jpeg'><img loading=\"lazy\" decoding=\"async\" width=\"770\" height=\"420\" src=\"https:\/\/pedagogicovirgendelanatividad.edu.pe\/portal\/wp-content\/uploads\/2023\/09\/WhatsApp-Image-2023-05-23-at-11.43.27-AM-1-770x420.jpeg\" class=\"attachment-tx-l-thumb size-tx-l-thumb\" alt=\"\" \/><\/a>\n\t\t\t<\/dt><\/dl><dl class='gallery-item'>\n\t\t\t<dt class='gallery-icon landscape'>\n\t\t\t\t<a data-elementor-open-lightbox=\"yes\" data-elementor-lightbox-slideshow=\"bf9c967\" data-elementor-lightbox-title=\"293736233_1081178129274860_3052153687195561308_n\" data-e-action-hash=\"#elementor-action%3Aaction%3Dlightbox%26settings%3DeyJpZCI6MzQ0MiwidXJsIjoiaHR0cHM6XC9cL3BlZGFnb2dpY292aXJnZW5kZWxhbmF0aXZpZGFkLmVkdS5wZVwvcG9ydGFsXC93cC1jb250ZW50XC91cGxvYWRzXC8yMDIzXC8wOVwvMjkzNzM2MjMzXzEwODExNzgxMjkyNzQ4NjBfMzA1MjE1MzY4NzE5NTU2MTMwOF9uLmpwZyIsInNsaWRlc2hvdyI6ImJmOWM5NjcifQ%3D%3D\" href='https:\/\/pedagogicovirgendelanatividad.edu.pe\/portal\/wp-content\/uploads\/2023\/09\/293736233_1081178129274860_3052153687195561308_n.jpg'><img loading=\"lazy\" decoding=\"async\" width=\"770\" height=\"420\" src=\"https:\/\/pedagogicovirgendelanatividad.edu.pe\/portal\/wp-content\/uploads\/2023\/09\/293736233_1081178129274860_3052153687195561308_n-770x420.jpg\" class=\"attachment-tx-l-thumb size-tx-l-thumb\" alt=\"\" \/><\/a>\n\t\t\t<\/dt><\/dl><dl class='gallery-item'>\n\t\t\t<dt class='gallery-icon landscape'>\n\t\t\t\t<a data-elementor-open-lightbox=\"yes\" data-elementor-lightbox-slideshow=\"bf9c967\" data-elementor-lightbox-title=\"WhatsApp Image 2023-05-23 at 11.43.27 AM (2)\" data-e-action-hash=\"#elementor-action%3Aaction%3Dlightbox%26settings%3DeyJpZCI6MzQyMiwidXJsIjoiaHR0cHM6XC9cL3BlZGFnb2dpY292aXJnZW5kZWxhbmF0aXZpZGFkLmVkdS5wZVwvcG9ydGFsXC93cC1jb250ZW50XC91cGxvYWRzXC8yMDIzXC8wOVwvV2hhdHNBcHAtSW1hZ2UtMjAyMy0wNS0yMy1hdC0xMS40My4yNy1BTS0yLmpwZWciLCJzbGlkZXNob3ciOiJiZjljOTY3In0%3D\" href='https:\/\/pedagogicovirgendelanatividad.edu.pe\/portal\/wp-content\/uploads\/2023\/09\/WhatsApp-Image-2023-05-23-at-11.43.27-AM-2.jpeg'><img loading=\"lazy\" decoding=\"async\" width=\"770\" height=\"420\" src=\"https:\/\/pedagogicovirgendelanatividad.edu.pe\/portal\/wp-content\/uploads\/2023\/09\/WhatsApp-Image-2023-05-23-at-11.43.27-AM-2-770x420.jpeg\" class=\"attachment-tx-l-thumb size-tx-l-thumb\" alt=\"\" \/><\/a>\n\t\t\t<\/dt><\/dl><br style=\"clear: both\" \/><dl class='gallery-item'>\n\t\t\t<dt class='gallery-icon landscape'>\n\t\t\t\t<a data-elementor-open-lightbox=\"yes\" data-elementor-lightbox-slideshow=\"bf9c967\" data-elementor-lightbox-title=\"286086783_1056846068374733_6641849177862459525_n\" data-e-action-hash=\"#elementor-action%3Aaction%3Dlightbox%26settings%3DeyJpZCI6MzQzOCwidXJsIjoiaHR0cHM6XC9cL3BlZGFnb2dpY292aXJnZW5kZWxhbmF0aXZpZGFkLmVkdS5wZVwvcG9ydGFsXC93cC1jb250ZW50XC91cGxvYWRzXC8yMDIzXC8wOVwvMjg2MDg2NzgzXzEwNTY4NDYwNjgzNzQ3MzNfNjY0MTg0OTE3Nzg2MjQ1OTUyNV9uLmpwZyIsInNsaWRlc2hvdyI6ImJmOWM5NjcifQ%3D%3D\" href='https:\/\/pedagogicovirgendelanatividad.edu.pe\/portal\/wp-content\/uploads\/2023\/09\/286086783_1056846068374733_6641849177862459525_n.jpg'><img loading=\"lazy\" decoding=\"async\" width=\"770\" height=\"420\" src=\"https:\/\/pedagogicovirgendelanatividad.edu.pe\/portal\/wp-content\/uploads\/2023\/09\/286086783_1056846068374733_6641849177862459525_n-770x420.jpg\" class=\"attachment-tx-l-thumb size-tx-l-thumb\" alt=\"\" \/><\/a>\n\t\t\t<\/dt><\/dl><dl class='gallery-item'>\n\t\t\t<dt class='gallery-icon landscape'>\n\t\t\t\t<a data-elementor-open-lightbox=\"yes\" data-elementor-lightbox-slideshow=\"bf9c967\" data-elementor-lightbox-title=\"d\" data-e-action-hash=\"#elementor-action%3Aaction%3Dlightbox%26settings%3DeyJpZCI6MzQyNiwidXJsIjoiaHR0cHM6XC9cL3BlZGFnb2dpY292aXJnZW5kZWxhbmF0aXZpZGFkLmVkdS5wZVwvcG9ydGFsXC93cC1jb250ZW50XC91cGxvYWRzXC8yMDIzXC8wOVwvZC5qcGciLCJzbGlkZXNob3ciOiJiZjljOTY3In0%3D\" href='https:\/\/pedagogicovirgendelanatividad.edu.pe\/portal\/wp-content\/uploads\/2023\/09\/d.jpg'><img loading=\"lazy\" decoding=\"async\" width=\"770\" height=\"420\" src=\"https:\/\/pedagogicovirgendelanatividad.edu.pe\/portal\/wp-content\/uploads\/2023\/09\/d-770x420.jpg\" class=\"attachment-tx-l-thumb size-tx-l-thumb\" alt=\"\" aria-describedby=\"gallery-1-3426\" \/><\/a>\n\t\t\t<\/dt>\n\t\t\t\t<dd class='wp-caption-text gallery-caption' id='gallery-1-3426'>\n\t\t\t\tEducaci\u00f3n E.I.B\n\t\t\t\t<\/dd><\/dl><dl class='gallery-item'>\n\t\t\t<dt class='gallery-icon landscape'>\n\t\t\t\t<a data-elementor-open-lightbox=\"yes\" data-elementor-lightbox-slideshow=\"bf9c967\" data-elementor-lightbox-title=\"283247987_1047683265957680_2773475597740547083_n\" data-e-action-hash=\"#elementor-action%3Aaction%3Dlightbox%26settings%3DeyJpZCI6MzQ0MCwidXJsIjoiaHR0cHM6XC9cL3BlZGFnb2dpY292aXJnZW5kZWxhbmF0aXZpZGFkLmVkdS5wZVwvcG9ydGFsXC93cC1jb250ZW50XC91cGxvYWRzXC8yMDIzXC8wOVwvMjgzMjQ3OTg3XzEwNDc2ODMyNjU5NTc2ODBfMjc3MzQ3NTU5Nzc0MDU0NzA4M19uLmpwZyIsInNsaWRlc2hvdyI6ImJmOWM5NjcifQ%3D%3D\" href='https:\/\/pedagogicovirgendelanatividad.edu.pe\/portal\/wp-content\/uploads\/2023\/09\/283247987_1047683265957680_2773475597740547083_n.jpg'><img loading=\"lazy\" decoding=\"async\" width=\"770\" height=\"420\" src=\"https:\/\/pedagogicovirgendelanatividad.edu.pe\/portal\/wp-content\/uploads\/2023\/09\/283247987_1047683265957680_2773475597740547083_n-770x420.jpg\" class=\"attachment-tx-l-thumb size-tx-l-thumb\" alt=\"\" \/><\/a>\n\t\t\t<\/dt><\/dl><br style=\"clear: both\" \/><dl class='gallery-item'>\n\t\t\t<dt class='gallery-icon landscape'>\n\t\t\t\t<a data-elementor-open-lightbox=\"yes\" data-elementor-lightbox-slideshow=\"bf9c967\" data-elementor-lightbox-title=\"293788594_1081261992599807_8283383839516156372_n\" data-e-action-hash=\"#elementor-action%3Aaction%3Dlightbox%26settings%3DeyJpZCI6MzQzNiwidXJsIjoiaHR0cHM6XC9cL3BlZGFnb2dpY292aXJnZW5kZWxhbmF0aXZpZGFkLmVkdS5wZVwvcG9ydGFsXC93cC1jb250ZW50XC91cGxvYWRzXC8yMDIzXC8wOVwvMjkzNzg4NTk0XzEwODEyNjE5OTI1OTk4MDdfODI4MzM4MzgzOTUxNjE1NjM3Ml9uLmpwZyIsInNsaWRlc2hvdyI6ImJmOWM5NjcifQ%3D%3D\" href='https:\/\/pedagogicovirgendelanatividad.edu.pe\/portal\/wp-content\/uploads\/2023\/09\/293788594_1081261992599807_8283383839516156372_n.jpg'><img loading=\"lazy\" decoding=\"async\" width=\"770\" height=\"420\" src=\"https:\/\/pedagogicovirgendelanatividad.edu.pe\/portal\/wp-content\/uploads\/2023\/09\/293788594_1081261992599807_8283383839516156372_n-770x420.jpg\" class=\"attachment-tx-l-thumb size-tx-l-thumb\" alt=\"\" \/><\/a>\n\t\t\t<\/dt><\/dl><dl class='gallery-item'>\n\t\t\t<dt class='gallery-icon landscape'>\n\t\t\t\t<a data-elementor-open-lightbox=\"yes\" data-elementor-lightbox-slideshow=\"bf9c967\" data-elementor-lightbox-title=\"WhatsApp Image 2023-05-23 at 11.43.27 AM\" data-e-action-hash=\"#elementor-action%3Aaction%3Dlightbox%26settings%3DeyJpZCI6MzQyNCwidXJsIjoiaHR0cHM6XC9cL3BlZGFnb2dpY292aXJnZW5kZWxhbmF0aXZpZGFkLmVkdS5wZVwvcG9ydGFsXC93cC1jb250ZW50XC91cGxvYWRzXC8yMDIzXC8wOVwvV2hhdHNBcHAtSW1hZ2UtMjAyMy0wNS0yMy1hdC0xMS40My4yNy1BTS5qcGVnIiwic2xpZGVzaG93IjoiYmY5Yzk2NyJ9\" href='https:\/\/pedagogicovirgendelanatividad.edu.pe\/portal\/wp-content\/uploads\/2023\/09\/WhatsApp-Image-2023-05-23-at-11.43.27-AM.jpeg'><img loading=\"lazy\" decoding=\"async\" width=\"770\" height=\"420\" src=\"https:\/\/pedagogicovirgendelanatividad.edu.pe\/portal\/wp-content\/uploads\/2023\/09\/WhatsApp-Image-2023-05-23-at-11.43.27-AM-770x420.jpeg\" class=\"attachment-tx-l-thumb size-tx-l-thumb\" alt=\"\" aria-describedby=\"gallery-1-3424\" \/><\/a>\n\t\t\t<\/dt>\n\t\t\t\t<dd class='wp-caption-text gallery-caption' id='gallery-1-3424'>\n\t\t\t\tEducaci\u00f3n E.I.B\n\t\t\t\t<\/dd><\/dl><dl class='gallery-item'>\n\t\t\t<dt class='gallery-icon landscape'>\n\t\t\t\t<a data-elementor-open-lightbox=\"yes\" data-elementor-lightbox-slideshow=\"bf9c967\" data-elementor-lightbox-title=\"61887532_387069912019022_8960661639116357632_n\" data-e-action-hash=\"#elementor-action%3Aaction%3Dlightbox%26settings%3DeyJpZCI6MzQ0MSwidXJsIjoiaHR0cHM6XC9cL3BlZGFnb2dpY292aXJnZW5kZWxhbmF0aXZpZGFkLmVkdS5wZVwvcG9ydGFsXC93cC1jb250ZW50XC91cGxvYWRzXC8yMDIzXC8wOVwvNjE4ODc1MzJfMzg3MDY5OTEyMDE5MDIyXzg5NjA2NjE2MzkxMTYzNTc2MzJfbi5qcGciLCJzbGlkZXNob3ciOiJiZjljOTY3In0%3D\" href='https:\/\/pedagogicovirgendelanatividad.edu.pe\/portal\/wp-content\/uploads\/2023\/09\/61887532_387069912019022_8960661639116357632_n.jpg'><img loading=\"lazy\" decoding=\"async\" width=\"770\" height=\"420\" src=\"https:\/\/pedagogicovirgendelanatividad.edu.pe\/portal\/wp-content\/uploads\/2023\/09\/61887532_387069912019022_8960661639116357632_n-770x420.jpg\" class=\"attachment-tx-l-thumb size-tx-l-thumb\" alt=\"\" aria-describedby=\"gallery-1-3441\" \/><\/a>\n\t\t\t<\/dt>\n\t\t\t\t<dd class='wp-caption-text gallery-caption' id='gallery-1-3441'>\n\t\t\t\tEducaci\u00f3n E.I.B\n\t\t\t\t<\/dd><\/dl><br style=\"clear: both\" \/><dl class='gallery-item'>\n\t\t\t<dt class='gallery-icon landscape'>\n\t\t\t\t<a data-elementor-open-lightbox=\"yes\" data-elementor-lightbox-slideshow=\"bf9c967\" data-elementor-lightbox-title=\"283299249_1049958422396831_2268261486890868096_n\" data-e-action-hash=\"#elementor-action%3Aaction%3Dlightbox%26settings%3DeyJpZCI6MzQzOSwidXJsIjoiaHR0cHM6XC9cL3BlZGFnb2dpY292aXJnZW5kZWxhbmF0aXZpZGFkLmVkdS5wZVwvcG9ydGFsXC93cC1jb250ZW50XC91cGxvYWRzXC8yMDIzXC8wOVwvMjgzMjk5MjQ5XzEwNDk5NTg0MjIzOTY4MzFfMjI2ODI2MTQ4Njg5MDg2ODA5Nl9uLmpwZyIsInNsaWRlc2hvdyI6ImJmOWM5NjcifQ%3D%3D\" href='https:\/\/pedagogicovirgendelanatividad.edu.pe\/portal\/wp-content\/uploads\/2023\/09\/283299249_1049958422396831_2268261486890868096_n.jpg'><img loading=\"lazy\" decoding=\"async\" width=\"770\" height=\"420\" src=\"https:\/\/pedagogicovirgendelanatividad.edu.pe\/portal\/wp-content\/uploads\/2023\/09\/283299249_1049958422396831_2268261486890868096_n-770x420.jpg\" class=\"attachment-tx-l-thumb size-tx-l-thumb\" alt=\"\" \/><\/a>\n\t\t\t<\/dt><\/dl><dl class='gallery-item'>\n\t\t\t<dt class='gallery-icon landscape'>\n\t\t\t\t<a data-elementor-open-lightbox=\"yes\" data-elementor-lightbox-slideshow=\"bf9c967\" data-elementor-lightbox-title=\"WhatsApp Image 2023-07-06 at 2.16.20 PM\" data-e-action-hash=\"#elementor-action%3Aaction%3Dlightbox%26settings%3DeyJpZCI6MzQyOCwidXJsIjoiaHR0cHM6XC9cL3BlZGFnb2dpY292aXJnZW5kZWxhbmF0aXZpZGFkLmVkdS5wZVwvcG9ydGFsXC93cC1jb250ZW50XC91cGxvYWRzXC8yMDIzXC8wOVwvV2hhdHNBcHAtSW1hZ2UtMjAyMy0wNy0wNi1hdC0yLjE2LjIwLVBNLTEuanBlZyIsInNsaWRlc2hvdyI6ImJmOWM5NjcifQ%3D%3D\" href='https:\/\/pedagogicovirgendelanatividad.edu.pe\/portal\/wp-content\/uploads\/2023\/09\/WhatsApp-Image-2023-07-06-at-2.16.20-PM-1.jpeg'><img loading=\"lazy\" decoding=\"async\" width=\"770\" height=\"420\" src=\"https:\/\/pedagogicovirgendelanatividad.edu.pe\/portal\/wp-content\/uploads\/2023\/09\/WhatsApp-Image-2023-07-06-at-2.16.20-PM-1-770x420.jpeg\" class=\"attachment-tx-l-thumb size-tx-l-thumb\" alt=\"\" \/><\/a>\n\t\t\t<\/dt><\/dl>\n\t\t\t<br style='clear: both' \/>\n\t\t<\/div>\n\t\t<\/div>\n\t\t\t\t\t\t<\/div>\n\t\t\t\t<\/div>\n\t\t\t\t\t<\/div>\n\t\t<\/div>\n\t\t\t\t\t<\/div>\n\t\t<\/section>\n\t\t\t\t<\/div>\n\t\t","protected":false},"excerpt":{"rendered":"<p class=\"tx-excerpt\">Educaci\u00f3n E.I.B Educaci\u00f3n E.I.B Educaci\u00f3n E.I.B<\/p><div class=\"tx-read-more\"><a href=\"https:\/\/pedagogicovirgendelanatividad.edu.pe\/portal\/galeria\/\">Seguir Leyendo<\/a><\/div>","protected":false},"author":1,"featured_media":0,"parent":0,"menu_order":0,"comment_status":"closed","ping_status":"closed","template":"elementor_header_footer","meta":{"footnotes":""},"class_list":["post-2043","page","type-page","status-publish","hentry"],"_links":{"self":[{"href":"https:\/\/pedagogicovirgendelanatividad.edu.pe\/portal\/wp-json\/wp\/v2\/pages\/2043","targetHints":{"allow":["GET"]}}],"collection":[{"href":"https:\/\/pedagogicovirgendelanatividad.edu.pe\/portal\/wp-json\/wp\/v2\/pages"}],"about":[{"href":"https:\/\/pedagogicovirgendelanatividad.edu.pe\/portal\/wp-json\/wp\/v2\/types\/page"}],"author":[{"embeddable":true,"href":"https:\/\/pedagogicovirgendelanatividad.edu.pe\/portal\/wp-json\/wp\/v2\/users\/1"}],"replies":[{"embeddable":true,"href":"https:\/\/pedagogicovirgendelanatividad.edu.pe\/portal\/wp-json\/wp\/v2\/comments?post=2043"}],"version-history":[{"count":6,"href":"https:\/\/pedagogicovirgendelanatividad.edu.pe\/portal\/wp-json\/wp\/v2\/pages\/2043\/revisions"}],"predecessor-version":[{"id":3916,"href":"https:\/\/pedagogicovirgendelanatividad.edu.pe\/portal\/wp-json\/wp\/v2\/pages\/2043\/revisions\/3916"}],"wp:attachment":[{"href":"https:\/\/pedagogicovirgendelanatividad.edu.pe\/portal\/wp-json\/wp\/v2\/media?parent=2043"}],"curies":[{"name":"wp","href":"https:\/\/api.w.org\/{rel}","templated":true}]}}