{"id":2378,"date":"2022-12-16T09:32:41","date_gmt":"2022-12-16T14:32:41","guid":{"rendered":"https:\/\/www.iestpjae.edu.pe\/portal\/?page_id=2378"},"modified":"2023-09-26T14:59:50","modified_gmt":"2023-09-26T19:59:50","slug":"produccion-agropecuaria","status":"publish","type":"page","link":"https:\/\/pedagogicovirgendelanatividad.edu.pe\/portal\/produccion-agropecuaria\/","title":{"rendered":"Educaci\u00f3n Inicial Intercultural Biling\u00fce"},"content":{"rendered":"\t\t<div data-elementor-type=\"wp-page\" data-elementor-id=\"2378\" class=\"elementor elementor-2378\">\n\t\t\t\t\t\t<section class=\"elementor-section elementor-top-section elementor-element elementor-element-48cc449c elementor-section-stretched elementor-section-boxed elementor-section-height-default elementor-section-height-default\" data-id=\"48cc449c\" data-element_type=\"section\" data-settings=\"{&quot;stretch_section&quot;:&quot;section-stretched&quot;}\">\n\t\t\t\t\t\t<div class=\"elementor-container elementor-column-gap-default\">\n\t\t\t\t\t<div class=\"elementor-column elementor-col-100 elementor-top-column elementor-element elementor-element-667b1e5e\" data-id=\"667b1e5e\" data-element_type=\"column\">\n\t\t\t<div class=\"elementor-widget-wrap elementor-element-populated\">\n\t\t\t\t\t\t<div class=\"elementor-element elementor-element-453e6bb elementor-invisible elementor-widget elementor-widget-heading\" data-id=\"453e6bb\" data-element_type=\"widget\" data-settings=\"{&quot;_animation&quot;:&quot;fadeIn&quot;}\" data-widget_type=\"heading.default\">\n\t\t\t\t<div class=\"elementor-widget-container\">\n\t\t\t\t\t<h2 class=\"elementor-heading-title elementor-size-default\">Educaci\u00f3n Inicial  Intercultural Biling\u00fce <\/h2>\t\t\t\t<\/div>\n\t\t\t\t<\/div>\n\t\t\t\t<div class=\"elementor-element elementor-element-910f351 elementor-arrows-position-inside elementor-widget elementor-widget-image-carousel\" data-id=\"910f351\" data-element_type=\"widget\" data-settings=\"{&quot;slides_to_show&quot;:&quot;3&quot;,&quot;navigation&quot;:&quot;arrows&quot;,&quot;autoplay&quot;:&quot;yes&quot;,&quot;pause_on_hover&quot;:&quot;yes&quot;,&quot;pause_on_interaction&quot;:&quot;yes&quot;,&quot;autoplay_speed&quot;:5000,&quot;infinite&quot;:&quot;yes&quot;,&quot;speed&quot;:500}\" data-widget_type=\"image-carousel.default\">\n\t\t\t\t<div class=\"elementor-widget-container\">\n\t\t\t\t\t\t\t<div class=\"elementor-image-carousel-wrapper swiper\" role=\"region\" aria-roledescription=\"carousel\" aria-label=\"Carrusel de im\u00e1genes\" dir=\"ltr\">\n\t\t\t<div class=\"elementor-image-carousel swiper-wrapper\" aria-live=\"off\">\n\t\t\t\t\t\t\t\t<div class=\"swiper-slide\" role=\"group\" aria-roledescription=\"slide\" aria-label=\"1 de 4\"><figure class=\"swiper-slide-inner\"><img decoding=\"async\" class=\"swiper-slide-image\" src=\"https:\/\/pedagogicovirgendelanatividad.edu.pe\/portal\/wp-content\/uploads\/2023\/09\/d-350x220.jpg\" alt=\"Educaci\u00f3n E.I.B\" \/><\/figure><\/div><div class=\"swiper-slide\" role=\"group\" aria-roledescription=\"slide\" aria-label=\"2 de 4\"><figure class=\"swiper-slide-inner\"><img decoding=\"async\" class=\"swiper-slide-image\" src=\"https:\/\/pedagogicovirgendelanatividad.edu.pe\/portal\/wp-content\/uploads\/2023\/09\/WhatsApp-Image-2023-05-23-at-11.43.27-AM-350x220.jpeg\" alt=\"Educaci\u00f3n E.I.B\" \/><\/figure><\/div><div class=\"swiper-slide\" role=\"group\" aria-roledescription=\"slide\" aria-label=\"3 de 4\"><figure class=\"swiper-slide-inner\"><img decoding=\"async\" class=\"swiper-slide-image\" src=\"https:\/\/pedagogicovirgendelanatividad.edu.pe\/portal\/wp-content\/uploads\/2023\/09\/286086783_1056846068374733_6641849177862459525_n-1-350x220.jpg\" alt=\"286086783_1056846068374733_6641849177862459525_n\" \/><\/figure><\/div><div class=\"swiper-slide\" role=\"group\" aria-roledescription=\"slide\" aria-label=\"4 de 4\"><figure class=\"swiper-slide-inner\"><img decoding=\"async\" class=\"swiper-slide-image\" src=\"https:\/\/pedagogicovirgendelanatividad.edu.pe\/portal\/wp-content\/uploads\/2023\/09\/WhatsApp-Image-2023-09-21-at-13.54.24-350x220.jpeg\" alt=\"WhatsApp Image 2023-09-21 at 13.54.24\" \/><\/figure><\/div>\t\t\t<\/div>\n\t\t\t\t\t\t\t\t\t\t\t\t<div class=\"elementor-swiper-button elementor-swiper-button-prev\" role=\"button\" tabindex=\"0\">\n\t\t\t\t\t\t<i aria-hidden=\"true\" class=\"eicon-chevron-left\"><\/i>\t\t\t\t\t<\/div>\n\t\t\t\t\t<div class=\"elementor-swiper-button elementor-swiper-button-next\" role=\"button\" tabindex=\"0\">\n\t\t\t\t\t\t<i aria-hidden=\"true\" class=\"eicon-chevron-right\"><\/i>\t\t\t\t\t<\/div>\n\t\t\t\t\n\t\t\t\t\t\t\t\t\t<\/div>\n\t\t\t\t\t\t<\/div>\n\t\t\t\t<\/div>\n\t\t\t\t<div class=\"elementor-element elementor-element-6e22b60 elementor-widget elementor-widget-spacer\" data-id=\"6e22b60\" data-element_type=\"widget\" data-widget_type=\"spacer.default\">\n\t\t\t\t<div class=\"elementor-widget-container\">\n\t\t\t\t\t\t\t<div class=\"elementor-spacer\">\n\t\t\t<div class=\"elementor-spacer-inner\"><\/div>\n\t\t<\/div>\n\t\t\t\t\t\t<\/div>\n\t\t\t\t<\/div>\n\t\t\t\t\t<\/div>\n\t\t<\/div>\n\t\t\t\t\t<\/div>\n\t\t<\/section>\n\t\t\t\t<section class=\"elementor-section elementor-top-section elementor-element elementor-element-6618ce9 elementor-section-boxed elementor-section-height-default elementor-section-height-default\" data-id=\"6618ce9\" data-element_type=\"section\">\n\t\t\t\t\t\t<div class=\"elementor-container elementor-column-gap-default\">\n\t\t\t\t\t<div class=\"elementor-column elementor-col-100 elementor-top-column elementor-element elementor-element-b27df9a\" data-id=\"b27df9a\" data-element_type=\"column\">\n\t\t\t<div class=\"elementor-widget-wrap elementor-element-populated\">\n\t\t\t\t\t\t<div class=\"elementor-element elementor-element-8e4c6a2 elementor-widget elementor-widget-toggle\" data-id=\"8e4c6a2\" data-element_type=\"widget\" data-widget_type=\"toggle.default\">\n\t\t\t\t<div class=\"elementor-widget-container\">\n\t\t\t\t\t\t\t<div class=\"elementor-toggle\">\n\t\t\t\t\t\t\t<div class=\"elementor-toggle-item\">\n\t\t\t\t\t<h2 id=\"elementor-tab-title-1491\" class=\"elementor-tab-title\" data-tab=\"1\" role=\"button\" aria-controls=\"elementor-tab-content-1491\" aria-expanded=\"false\">\n\t\t\t\t\t\t\t\t\t\t\t\t<span class=\"elementor-toggle-icon elementor-toggle-icon-right\" aria-hidden=\"true\">\n\t\t\t\t\t\t\t\t\t\t\t\t\t\t\t<span class=\"elementor-toggle-icon-closed\"><i class=\"fas fa-caret-right\"><\/i><\/span>\n\t\t\t\t\t\t\t\t<span class=\"elementor-toggle-icon-opened\"><i class=\"elementor-toggle-icon-opened fas fa-caret-up\"><\/i><\/span>\n\t\t\t\t\t\t\t\t\t\t\t\t\t<\/span>\n\t\t\t\t\t\t\t\t\t\t\t\t<a class=\"elementor-toggle-title\" tabindex=\"0\">DESCRIPCI\u00d3N DE PROGRAMA DE ESTUDIO<\/a>\n\t\t\t\t\t<\/h2>\n\n\t\t\t\t\t<div id=\"elementor-tab-content-1491\" class=\"elementor-tab-content elementor-clearfix\" data-tab=\"1\" role=\"region\" aria-labelledby=\"elementor-tab-title-1491\"><\/div>\n\t\t\t\t<\/div>\n\t\t\t\t\t\t\t<div class=\"elementor-toggle-item\">\n\t\t\t\t\t<h2 id=\"elementor-tab-title-1492\" class=\"elementor-tab-title\" data-tab=\"2\" role=\"button\" aria-controls=\"elementor-tab-content-1492\" aria-expanded=\"false\">\n\t\t\t\t\t\t\t\t\t\t\t\t<span class=\"elementor-toggle-icon elementor-toggle-icon-right\" aria-hidden=\"true\">\n\t\t\t\t\t\t\t\t\t\t\t\t\t\t\t<span class=\"elementor-toggle-icon-closed\"><i class=\"fas fa-caret-right\"><\/i><\/span>\n\t\t\t\t\t\t\t\t<span class=\"elementor-toggle-icon-opened\"><i class=\"elementor-toggle-icon-opened fas fa-caret-up\"><\/i><\/span>\n\t\t\t\t\t\t\t\t\t\t\t\t\t<\/span>\n\t\t\t\t\t\t\t\t\t\t\t\t<a class=\"elementor-toggle-title\" tabindex=\"0\">PERFIL DE EGRESADO<\/a>\n\t\t\t\t\t<\/h2>\n\n\t\t\t\t\t<div id=\"elementor-tab-content-1492\" class=\"elementor-tab-content elementor-clearfix\" data-tab=\"2\" role=\"region\" aria-labelledby=\"elementor-tab-title-1492\"><p><a href=\"https:\/\/pedagogicovirgendelanatividad.edu.pe\/portal\/wp-content\/uploads\/2023\/09\/DCBN-ED-INICIAL-EIB_PERFIL-DE-EGRESO.pdf\">PERFIL DE EGRESO<\/a><\/p><\/div>\n\t\t\t\t<\/div>\n\t\t\t\t\t\t\t<div class=\"elementor-toggle-item\">\n\t\t\t\t\t<h2 id=\"elementor-tab-title-1493\" class=\"elementor-tab-title\" data-tab=\"3\" role=\"button\" aria-controls=\"elementor-tab-content-1493\" aria-expanded=\"false\">\n\t\t\t\t\t\t\t\t\t\t\t\t<span class=\"elementor-toggle-icon elementor-toggle-icon-right\" aria-hidden=\"true\">\n\t\t\t\t\t\t\t\t\t\t\t\t\t\t\t<span class=\"elementor-toggle-icon-closed\"><i class=\"fas fa-caret-right\"><\/i><\/span>\n\t\t\t\t\t\t\t\t<span class=\"elementor-toggle-icon-opened\"><i class=\"elementor-toggle-icon-opened fas fa-caret-up\"><\/i><\/span>\n\t\t\t\t\t\t\t\t\t\t\t\t\t<\/span>\n\t\t\t\t\t\t\t\t\t\t\t\t<a class=\"elementor-toggle-title\" tabindex=\"0\">PLAN DE ESTUDIOS <\/a>\n\t\t\t\t\t<\/h2>\n\n\t\t\t\t\t<div id=\"elementor-tab-content-1493\" class=\"elementor-tab-content elementor-clearfix\" data-tab=\"3\" role=\"region\" aria-labelledby=\"elementor-tab-title-1493\">Contenido del conmutador<\/div>\n\t\t\t\t<\/div>\n\t\t\t\t\t\t\t<div class=\"elementor-toggle-item\">\n\t\t\t\t\t<h2 id=\"elementor-tab-title-1494\" class=\"elementor-tab-title\" data-tab=\"4\" role=\"button\" aria-controls=\"elementor-tab-content-1494\" aria-expanded=\"false\">\n\t\t\t\t\t\t\t\t\t\t\t\t<span class=\"elementor-toggle-icon elementor-toggle-icon-right\" aria-hidden=\"true\">\n\t\t\t\t\t\t\t\t\t\t\t\t\t\t\t<span class=\"elementor-toggle-icon-closed\"><i class=\"fas fa-caret-right\"><\/i><\/span>\n\t\t\t\t\t\t\t\t<span class=\"elementor-toggle-icon-opened\"><i class=\"elementor-toggle-icon-opened fas fa-caret-up\"><\/i><\/span>\n\t\t\t\t\t\t\t\t\t\t\t\t\t<\/span>\n\t\t\t\t\t\t\t\t\t\t\t\t<a class=\"elementor-toggle-title\" tabindex=\"0\">REQUISITOS PARA POSTULAR<\/a>\n\t\t\t\t\t<\/h2>\n\n\t\t\t\t\t<div id=\"elementor-tab-content-1494\" class=\"elementor-tab-content elementor-clearfix\" data-tab=\"4\" role=\"region\" aria-labelledby=\"elementor-tab-title-1494\">Contenido del conmutador<\/div>\n\t\t\t\t<\/div>\n\t\t\t\t\t\t\t\t<\/div>\n\t\t\t\t\t\t<\/div>\n\t\t\t\t<\/div>\n\t\t\t\t\t<\/div>\n\t\t<\/div>\n\t\t\t\t\t<\/div>\n\t\t<\/section>\n\t\t\t\t<section class=\"elementor-section elementor-top-section elementor-element elementor-element-851c505 elementor-section-stretched animated-slow elementor-section-boxed elementor-section-height-default elementor-section-height-default elementor-invisible\" data-id=\"851c505\" data-element_type=\"section\" data-settings=\"{&quot;stretch_section&quot;:&quot;section-stretched&quot;,&quot;animation&quot;:&quot;pulse&quot;,&quot;background_background&quot;:&quot;classic&quot;}\">\n\t\t\t\t\t\t<div class=\"elementor-container elementor-column-gap-default\">\n\t\t\t\t\t<div class=\"elementor-column elementor-col-100 elementor-top-column elementor-element elementor-element-848bb9f animated-slow\" data-id=\"848bb9f\" data-element_type=\"column\" data-settings=\"{&quot;animation&quot;:&quot;none&quot;}\">\n\t\t\t<div class=\"elementor-widget-wrap elementor-element-populated\">\n\t\t\t\t\t\t<div class=\"elementor-element elementor-element-2184344 elementor-invisible elementor-widget elementor-widget-heading\" data-id=\"2184344\" data-element_type=\"widget\" data-settings=\"{&quot;_animation&quot;:&quot;fadeIn&quot;}\" data-widget_type=\"heading.default\">\n\t\t\t\t<div class=\"elementor-widget-container\">\n\t\t\t\t\t<h2 class=\"elementor-heading-title elementor-size-default\">Programa de Estudios<\/h2>\t\t\t\t<\/div>\n\t\t\t\t<\/div>\n\t\t\t\t<div class=\"elementor-element elementor-element-62e45f8 elementor-widget-divider--separator-type-pattern elementor-widget-divider--view-line elementor-widget elementor-widget-divider\" data-id=\"62e45f8\" data-element_type=\"widget\" data-widget_type=\"divider.default\">\n\t\t\t\t<div class=\"elementor-widget-container\">\n\t\t\t\t\t\t\t<div class=\"elementor-divider\" style=\"--divider-pattern-url: url(&quot;data:image\/svg+xml,%3Csvg xmlns=&#039;http:\/\/www.w3.org\/2000\/svg&#039; preserveAspectRatio=&#039;none&#039; overflow=&#039;visible&#039; height=&#039;100%&#039; viewBox=&#039;0 0 24 24&#039; fill=&#039;none&#039; stroke=&#039;black&#039; stroke-width=&#039;2&#039; stroke-linecap=&#039;square&#039; stroke-miterlimit=&#039;10&#039;%3E%3Cpath d=&#039;M0,6c6,0,6,13,12,13S18,6,24,6&#039;\/%3E%3C\/svg%3E&quot;);\">\n\t\t\t<span class=\"elementor-divider-separator\">\n\t\t\t\t\t\t<\/span>\n\t\t<\/div>\n\t\t\t\t\t\t<\/div>\n\t\t\t\t<\/div>\n\t\t\t\t\t<\/div>\n\t\t<\/div>\n\t\t\t\t\t<\/div>\n\t\t<\/section>\n\t\t\t\t<section class=\"elementor-section elementor-top-section elementor-element elementor-element-c26c5ff elementor-section-stretched elementor-section-boxed elementor-section-height-default elementor-section-height-default\" data-id=\"c26c5ff\" data-element_type=\"section\" data-settings=\"{&quot;stretch_section&quot;:&quot;section-stretched&quot;,&quot;background_background&quot;:&quot;classic&quot;}\">\n\t\t\t\t\t\t<div class=\"elementor-container elementor-column-gap-no\">\n\t\t\t\t\t<div class=\"elementor-column elementor-col-100 elementor-top-column elementor-element elementor-element-dc5e7af\" data-id=\"dc5e7af\" data-element_type=\"column\" data-settings=\"{&quot;background_background&quot;:&quot;classic&quot;}\">\n\t\t\t<div class=\"elementor-widget-wrap elementor-element-populated\">\n\t\t\t\t\t\t<div class=\"elementor-element elementor-element-800cdd3 elementor-pagination-position-outside elementor-widget elementor-widget-image-carousel\" data-id=\"800cdd3\" data-element_type=\"widget\" data-settings=\"{&quot;slides_to_show&quot;:&quot;3&quot;,&quot;autoplay_speed&quot;:2500,&quot;navigation&quot;:&quot;dots&quot;,&quot;image_spacing_custom&quot;:{&quot;unit&quot;:&quot;px&quot;,&quot;size&quot;:13,&quot;sizes&quot;:[]},&quot;autoplay&quot;:&quot;yes&quot;,&quot;pause_on_hover&quot;:&quot;yes&quot;,&quot;pause_on_interaction&quot;:&quot;yes&quot;,&quot;infinite&quot;:&quot;yes&quot;,&quot;speed&quot;:500,&quot;image_spacing_custom_tablet&quot;:{&quot;unit&quot;:&quot;px&quot;,&quot;size&quot;:&quot;&quot;,&quot;sizes&quot;:[]},&quot;image_spacing_custom_mobile&quot;:{&quot;unit&quot;:&quot;px&quot;,&quot;size&quot;:&quot;&quot;,&quot;sizes&quot;:[]}}\" data-widget_type=\"image-carousel.default\">\n\t\t\t\t<div class=\"elementor-widget-container\">\n\t\t\t\t\t\t\t<div class=\"elementor-image-carousel-wrapper swiper\" role=\"region\" aria-roledescription=\"carousel\" aria-label=\"Carrusel de im\u00e1genes\" dir=\"ltr\">\n\t\t\t<div class=\"elementor-image-carousel swiper-wrapper\" aria-live=\"off\">\n\t\t\t\t\t\t\t\t<div class=\"swiper-slide\" role=\"group\" aria-roledescription=\"slide\" aria-label=\"1 de 4\"><a data-elementor-open-lightbox=\"yes\" data-elementor-lightbox-slideshow=\"800cdd3\" data-elementor-lightbox-title=\"WhatsApp Image 2023-09-21 at 13.54.24\" data-e-action-hash=\"#elementor-action%3Aaction%3Dlightbox%26settings%3DeyJpZCI6MzYzOCwidXJsIjoiaHR0cHM6XC9cL3BlZGFnb2dpY292aXJnZW5kZWxhbmF0aXZpZGFkLmVkdS5wZVwvcG9ydGFsXC93cC1jb250ZW50XC91cGxvYWRzXC8yMDIzXC8wOVwvV2hhdHNBcHAtSW1hZ2UtMjAyMy0wOS0yMS1hdC0xMy41NC4yNC5qcGVnIiwic2xpZGVzaG93IjoiODAwY2RkMyJ9\" href=\"https:\/\/pedagogicovirgendelanatividad.edu.pe\/portal\/administracion-de-servicios-de-hosteleria_y_restaurantes\/,https:\/\/pedagogicovirgendelanatividad.edu.pe\/portal\/arquitectura-de-plataformas-y-servicios-de-tecnologias-de-la-informacion\/,https:\/\/pedagogicovirgendelanatividad.edu.pe\/portal\/contabilidad\/,https:\/\/pedagogicovirgendelanatividad.edu.pe\/portal\/construccion-civil\/,https:\/\/pedagogicovirgendelanatividad.edu.pe\/portal\/electricidad-industrial\/,https:\/\/pedagogicovirgendelanatividad.edu.pe\/portal\/electronica-industrial\/,https:\/\/pedagogicovirgendelanatividad.edu.pe\/portal\/guia-oficial-de-turismo\/,https:\/\/pedagogicovirgendelanatividad.edu.pe\/portal\/mecanica-automotriz\/,https:\/\/pedagogicovirgendelanatividad.edu.pe\/portal\/mecanica-de-produccion-industrial\/,https:\/\/pedagogicovirgendelanatividad.edu.pe\/portal\/produccion-agropecuaria\/\" target=\"_blank\"><figure class=\"swiper-slide-inner\"><img decoding=\"async\" class=\"swiper-slide-image\" src=\"https:\/\/pedagogicovirgendelanatividad.edu.pe\/portal\/wp-content\/uploads\/2023\/09\/WhatsApp-Image-2023-09-21-at-13.54.24.jpeg\" alt=\"WhatsApp Image 2023-09-21 at 13.54.24\" \/><\/figure><\/a><\/div><div class=\"swiper-slide\" role=\"group\" aria-roledescription=\"slide\" aria-label=\"2 de 4\"><a data-elementor-open-lightbox=\"yes\" data-elementor-lightbox-slideshow=\"800cdd3\" data-elementor-lightbox-title=\"WhatsApp Image 2023-05-23 at 11.43.27 AM\" data-e-action-hash=\"#elementor-action%3Aaction%3Dlightbox%26settings%3DeyJpZCI6MzQyNCwidXJsIjoiaHR0cHM6XC9cL3BlZGFnb2dpY292aXJnZW5kZWxhbmF0aXZpZGFkLmVkdS5wZVwvcG9ydGFsXC93cC1jb250ZW50XC91cGxvYWRzXC8yMDIzXC8wOVwvV2hhdHNBcHAtSW1hZ2UtMjAyMy0wNS0yMy1hdC0xMS40My4yNy1BTS5qcGVnIiwic2xpZGVzaG93IjoiODAwY2RkMyJ9\" href=\"https:\/\/pedagogicovirgendelanatividad.edu.pe\/portal\/administracion-de-servicios-de-hosteleria_y_restaurantes\/,https:\/\/pedagogicovirgendelanatividad.edu.pe\/portal\/arquitectura-de-plataformas-y-servicios-de-tecnologias-de-la-informacion\/,https:\/\/pedagogicovirgendelanatividad.edu.pe\/portal\/contabilidad\/,https:\/\/pedagogicovirgendelanatividad.edu.pe\/portal\/construccion-civil\/,https:\/\/pedagogicovirgendelanatividad.edu.pe\/portal\/electricidad-industrial\/,https:\/\/pedagogicovirgendelanatividad.edu.pe\/portal\/electronica-industrial\/,https:\/\/pedagogicovirgendelanatividad.edu.pe\/portal\/guia-oficial-de-turismo\/,https:\/\/pedagogicovirgendelanatividad.edu.pe\/portal\/mecanica-automotriz\/,https:\/\/pedagogicovirgendelanatividad.edu.pe\/portal\/mecanica-de-produccion-industrial\/,https:\/\/pedagogicovirgendelanatividad.edu.pe\/portal\/produccion-agropecuaria\/\" target=\"_blank\"><figure class=\"swiper-slide-inner\"><img decoding=\"async\" class=\"swiper-slide-image\" src=\"https:\/\/pedagogicovirgendelanatividad.edu.pe\/portal\/wp-content\/uploads\/2023\/09\/WhatsApp-Image-2023-05-23-at-11.43.27-AM.jpeg\" alt=\"Educaci\u00f3n E.I.B\" \/><\/figure><\/a><\/div><div class=\"swiper-slide\" role=\"group\" aria-roledescription=\"slide\" aria-label=\"3 de 4\"><a data-elementor-open-lightbox=\"yes\" data-elementor-lightbox-slideshow=\"800cdd3\" data-elementor-lightbox-title=\"286086783_1056846068374733_6641849177862459525_n\" data-e-action-hash=\"#elementor-action%3Aaction%3Dlightbox%26settings%3DeyJpZCI6MzQzOCwidXJsIjoiaHR0cHM6XC9cL3BlZGFnb2dpY292aXJnZW5kZWxhbmF0aXZpZGFkLmVkdS5wZVwvcG9ydGFsXC93cC1jb250ZW50XC91cGxvYWRzXC8yMDIzXC8wOVwvMjg2MDg2NzgzXzEwNTY4NDYwNjgzNzQ3MzNfNjY0MTg0OTE3Nzg2MjQ1OTUyNV9uLmpwZyIsInNsaWRlc2hvdyI6IjgwMGNkZDMifQ%3D%3D\" href=\"https:\/\/pedagogicovirgendelanatividad.edu.pe\/portal\/administracion-de-servicios-de-hosteleria_y_restaurantes\/,https:\/\/pedagogicovirgendelanatividad.edu.pe\/portal\/arquitectura-de-plataformas-y-servicios-de-tecnologias-de-la-informacion\/,https:\/\/pedagogicovirgendelanatividad.edu.pe\/portal\/contabilidad\/,https:\/\/pedagogicovirgendelanatividad.edu.pe\/portal\/construccion-civil\/,https:\/\/pedagogicovirgendelanatividad.edu.pe\/portal\/electricidad-industrial\/,https:\/\/pedagogicovirgendelanatividad.edu.pe\/portal\/electronica-industrial\/,https:\/\/pedagogicovirgendelanatividad.edu.pe\/portal\/guia-oficial-de-turismo\/,https:\/\/pedagogicovirgendelanatividad.edu.pe\/portal\/mecanica-automotriz\/,https:\/\/pedagogicovirgendelanatividad.edu.pe\/portal\/mecanica-de-produccion-industrial\/,https:\/\/pedagogicovirgendelanatividad.edu.pe\/portal\/produccion-agropecuaria\/\" target=\"_blank\"><figure class=\"swiper-slide-inner\"><img decoding=\"async\" class=\"swiper-slide-image\" src=\"https:\/\/pedagogicovirgendelanatividad.edu.pe\/portal\/wp-content\/uploads\/2023\/09\/286086783_1056846068374733_6641849177862459525_n.jpg\" alt=\"286086783_1056846068374733_6641849177862459525_n\" \/><\/figure><\/a><\/div><div class=\"swiper-slide\" role=\"group\" aria-roledescription=\"slide\" aria-label=\"4 de 4\"><a data-elementor-open-lightbox=\"yes\" data-elementor-lightbox-slideshow=\"800cdd3\" data-elementor-lightbox-title=\"283247987_1047683265957680_2773475597740547083_n\" data-e-action-hash=\"#elementor-action%3Aaction%3Dlightbox%26settings%3DeyJpZCI6MzQ0MCwidXJsIjoiaHR0cHM6XC9cL3BlZGFnb2dpY292aXJnZW5kZWxhbmF0aXZpZGFkLmVkdS5wZVwvcG9ydGFsXC93cC1jb250ZW50XC91cGxvYWRzXC8yMDIzXC8wOVwvMjgzMjQ3OTg3XzEwNDc2ODMyNjU5NTc2ODBfMjc3MzQ3NTU5Nzc0MDU0NzA4M19uLmpwZyIsInNsaWRlc2hvdyI6IjgwMGNkZDMifQ%3D%3D\" href=\"https:\/\/pedagogicovirgendelanatividad.edu.pe\/portal\/administracion-de-servicios-de-hosteleria_y_restaurantes\/,https:\/\/pedagogicovirgendelanatividad.edu.pe\/portal\/arquitectura-de-plataformas-y-servicios-de-tecnologias-de-la-informacion\/,https:\/\/pedagogicovirgendelanatividad.edu.pe\/portal\/contabilidad\/,https:\/\/pedagogicovirgendelanatividad.edu.pe\/portal\/construccion-civil\/,https:\/\/pedagogicovirgendelanatividad.edu.pe\/portal\/electricidad-industrial\/,https:\/\/pedagogicovirgendelanatividad.edu.pe\/portal\/electronica-industrial\/,https:\/\/pedagogicovirgendelanatividad.edu.pe\/portal\/guia-oficial-de-turismo\/,https:\/\/pedagogicovirgendelanatividad.edu.pe\/portal\/mecanica-automotriz\/,https:\/\/pedagogicovirgendelanatividad.edu.pe\/portal\/mecanica-de-produccion-industrial\/,https:\/\/pedagogicovirgendelanatividad.edu.pe\/portal\/produccion-agropecuaria\/\" target=\"_blank\"><figure class=\"swiper-slide-inner\"><img decoding=\"async\" class=\"swiper-slide-image\" src=\"https:\/\/pedagogicovirgendelanatividad.edu.pe\/portal\/wp-content\/uploads\/2023\/09\/283247987_1047683265957680_2773475597740547083_n.jpg\" alt=\"283247987_1047683265957680_2773475597740547083_n\" \/><\/figure><\/a><\/div>\t\t\t<\/div>\n\t\t\t\t\t\t\t\n\t\t\t\t\t\t\t\t\t<div class=\"swiper-pagination\"><\/div>\n\t\t\t\t\t\t\t\t\t<\/div>\n\t\t\t\t\t\t<\/div>\n\t\t\t\t<\/div>\n\t\t\t\t\t<\/div>\n\t\t<\/div>\n\t\t\t\t\t<\/div>\n\t\t<\/section>\n\t\t\t\t<\/div>\n\t\t","protected":false},"excerpt":{"rendered":"<p class=\"tx-excerpt\">Educaci\u00f3n Inicial Intercultural Biling\u00fce Anterior Siguiente DESCRIPCI\u00d3N DE PROGRAMA DE ESTUDIO PERFIL DE EGRESADO PERFIL DE EGRESO PLAN DE ESTUDIOS Contenido del conmutador<div class=\"tx-read-more\"><a href=\"https:\/\/pedagogicovirgendelanatividad.edu.pe\/portal\/produccion-agropecuaria\/\">Seguir Leyendo<\/a><\/div>","protected":false},"author":1,"featured_media":0,"parent":0,"menu_order":0,"comment_status":"closed","ping_status":"closed","template":"","meta":{"footnotes":""},"class_list":["post-2378","page","type-page","status-publish","hentry"],"_links":{"self":[{"href":"https:\/\/pedagogicovirgendelanatividad.edu.pe\/portal\/wp-json\/wp\/v2\/pages\/2378","targetHints":{"allow":["GET"]}}],"collection":[{"href":"https:\/\/pedagogicovirgendelanatividad.edu.pe\/portal\/wp-json\/wp\/v2\/pages"}],"about":[{"href":"https:\/\/pedagogicovirgendelanatividad.edu.pe\/portal\/wp-json\/wp\/v2\/types\/page"}],"author":[{"embeddable":true,"href":"https:\/\/pedagogicovirgendelanatividad.edu.pe\/portal\/wp-json\/wp\/v2\/users\/1"}],"replies":[{"embeddable":true,"href":"https:\/\/pedagogicovirgendelanatividad.edu.pe\/portal\/wp-json\/wp\/v2\/comments?post=2378"}],"version-history":[{"count":23,"href":"https:\/\/pedagogicovirgendelanatividad.edu.pe\/portal\/wp-json\/wp\/v2\/pages\/2378\/revisions"}],"predecessor-version":[{"id":4152,"href":"https:\/\/pedagogicovirgendelanatividad.edu.pe\/portal\/wp-json\/wp\/v2\/pages\/2378\/revisions\/4152"}],"wp:attachment":[{"href":"https:\/\/pedagogicovirgendelanatividad.edu.pe\/portal\/wp-json\/wp\/v2\/media?parent=2378"}],"curies":[{"name":"wp","href":"https:\/\/api.w.org\/{rel}","templated":true}]}}