{"id":3717,"date":"2023-09-22T10:46:25","date_gmt":"2023-09-22T15:46:25","guid":{"rendered":"https:\/\/pedagogicovirgendelanatividad.edu.pe\/portal\/?page_id=3717"},"modified":"2024-09-27T09:21:29","modified_gmt":"2024-09-27T14:21:29","slug":"dinamizador-eva","status":"publish","type":"page","link":"https:\/\/pedagogicovirgendelanatividad.edu.pe\/portal\/dinamizador-eva\/","title":{"rendered":"Dinamizador EVA"},"content":{"rendered":"\t\t<div data-elementor-type=\"wp-page\" data-elementor-id=\"3717\" class=\"elementor elementor-3717\">\n\t\t\t\t\t\t<section class=\"elementor-section elementor-top-section elementor-element elementor-element-011ff32 elementor-section-boxed elementor-section-height-default elementor-section-height-default\" data-id=\"011ff32\" data-element_type=\"section\">\n\t\t\t\t\t\t<div class=\"elementor-container elementor-column-gap-default\">\n\t\t\t\t\t<div class=\"elementor-column elementor-col-100 elementor-top-column elementor-element elementor-element-0382933\" data-id=\"0382933\" data-element_type=\"column\">\n\t\t\t<div class=\"elementor-widget-wrap elementor-element-populated\">\n\t\t\t\t\t\t<div class=\"elementor-element elementor-element-5110fd0 elementor-tabs-view-horizontal elementor-widget elementor-widget-tabs\" data-id=\"5110fd0\" data-element_type=\"widget\" data-widget_type=\"tabs.default\">\n\t\t\t\t<div class=\"elementor-widget-container\">\n\t\t\t\t\t\t\t<div class=\"elementor-tabs\">\n\t\t\t<div class=\"elementor-tabs-wrapper\" role=\"tablist\" >\n\t\t\t\t\t\t\t\t\t<div id=\"elementor-tab-title-8501\" class=\"elementor-tab-title elementor-tab-desktop-title\" aria-selected=\"true\" data-tab=\"1\" role=\"tab\" tabindex=\"0\" aria-controls=\"elementor-tab-content-8501\" aria-expanded=\"false\">Contacto<\/div>\n\t\t\t\t\t\t\t\t\t<div id=\"elementor-tab-title-8502\" class=\"elementor-tab-title elementor-tab-desktop-title\" aria-selected=\"false\" data-tab=\"2\" role=\"tab\" tabindex=\"-1\" aria-controls=\"elementor-tab-content-8502\" aria-expanded=\"false\">Presentaci\u00f3n<\/div>\n\t\t\t\t\t\t\t\t\t<div id=\"elementor-tab-title-8503\" class=\"elementor-tab-title elementor-tab-desktop-title\" aria-selected=\"false\" data-tab=\"3\" role=\"tab\" tabindex=\"-1\" aria-controls=\"elementor-tab-content-8503\" aria-expanded=\"false\">Talleres<\/div>\n\t\t\t\t\t\t\t\t\t<div id=\"elementor-tab-title-8504\" class=\"elementor-tab-title elementor-tab-desktop-title\" aria-selected=\"false\" data-tab=\"4\" role=\"tab\" tabindex=\"-1\" aria-controls=\"elementor-tab-content-8504\" aria-expanded=\"false\">Panel Fotografico<\/div>\n\t\t\t\t\t\t\t\t\t<div id=\"elementor-tab-title-8505\" class=\"elementor-tab-title elementor-tab-desktop-title\" aria-selected=\"false\" data-tab=\"5\" role=\"tab\" tabindex=\"-1\" aria-controls=\"elementor-tab-content-8505\" aria-expanded=\"false\">Manual o Gu\u00edas <\/div>\n\t\t\t\t\t\t\t<\/div>\n\t\t\t<div class=\"elementor-tabs-content-wrapper\" role=\"tablist\" aria-orientation=\"vertical\">\n\t\t\t\t\t\t\t\t\t<div class=\"elementor-tab-title elementor-tab-mobile-title\" aria-selected=\"true\" data-tab=\"1\" role=\"tab\" tabindex=\"0\" aria-controls=\"elementor-tab-content-8501\" aria-expanded=\"false\">Contacto<\/div>\n\t\t\t\t\t<div id=\"elementor-tab-content-8501\" class=\"elementor-tab-content elementor-clearfix\" data-tab=\"1\" role=\"tabpanel\" aria-labelledby=\"elementor-tab-title-8501\" tabindex=\"0\" hidden=\"false\"><ul><li><h4>Ing. Irving Alex FLORES VERA\u00a0<\/h4><\/li><li><h4>Cel: 901066599<\/h4><\/li><li><h4>Correo: iflores@pedagogicovirgendelanatividad.edu.pe<\/h4><\/li><\/ul><\/div>\n\t\t\t\t\t\t\t\t\t<div class=\"elementor-tab-title elementor-tab-mobile-title\" aria-selected=\"false\" data-tab=\"2\" role=\"tab\" tabindex=\"-1\" aria-controls=\"elementor-tab-content-8502\" aria-expanded=\"false\">Presentaci\u00f3n<\/div>\n\t\t\t\t\t<div id=\"elementor-tab-content-8502\" class=\"elementor-tab-content elementor-clearfix\" data-tab=\"2\" role=\"tabpanel\" aria-labelledby=\"elementor-tab-title-8502\" tabindex=\"0\" hidden=\"hidden\"><p class=\"has-text-align-center\"><strong>DINAMIZADOR EVA<\/strong><\/p><p>El\u00a0<strong>DINAMIZADOR DE ENTORNOS VIRTUALES DE APRENDIZAJE<\/strong>; tiene como principal objetivo, establecer los procedimientos y procesos para optimizar el funcionamiento y propiciar el uso adecuado de la plataforma virtual de aprendizaje; Un entorno virtual de aprendizaje es un espacio educativo alojado en la web, con un conjunto de herramientas inform\u00e1ticas que posibilitan la interacci\u00f3n did\u00e1ctica de manera que el alumno pueda llevar a cabo las labores propias de la docencia como son conversar, leer documentos, realizar ejercicios, formular preguntas al docente, trabajar en equipo\u2026 etc. Todo ello de forma simulada sin que medie una interacci\u00f3n f\u00edsica entre docentes y alumnos.<\/p><p>Las acciones pedag\u00f3gicas se trabajar\u00e1n estrechamente con el equipo de\u00a0<strong>fortalecimiento<\/strong>\u00a0de\u00a0<strong>DIFOID<\/strong>, y las acciones t\u00e9cnicas de la plataforma con la\u00a0<strong>coordinaci\u00f3n de gesti\u00f3n de la Informaci\u00f3n<\/strong>\u00a0de\u00a0<strong>DIFOID<\/strong>.<\/p><\/div>\n\t\t\t\t\t\t\t\t\t<div class=\"elementor-tab-title elementor-tab-mobile-title\" aria-selected=\"false\" data-tab=\"3\" role=\"tab\" tabindex=\"-1\" aria-controls=\"elementor-tab-content-8503\" aria-expanded=\"false\">Talleres<\/div>\n\t\t\t\t\t<div id=\"elementor-tab-content-8503\" class=\"elementor-tab-content elementor-clearfix\" data-tab=\"3\" role=\"tabpanel\" aria-labelledby=\"elementor-tab-title-8503\" tabindex=\"0\" hidden=\"hidden\">Contenido de la pesta\u00f1a<\/div>\n\t\t\t\t\t\t\t\t\t<div class=\"elementor-tab-title elementor-tab-mobile-title\" aria-selected=\"false\" data-tab=\"4\" role=\"tab\" tabindex=\"-1\" aria-controls=\"elementor-tab-content-8504\" aria-expanded=\"false\">Panel Fotografico<\/div>\n\t\t\t\t\t<div id=\"elementor-tab-content-8504\" class=\"elementor-tab-content elementor-clearfix\" data-tab=\"4\" role=\"tabpanel\" aria-labelledby=\"elementor-tab-title-8504\" tabindex=\"0\" hidden=\"hidden\"><p><img fetchpriority=\"high\" decoding=\"async\" class=\"aligncenter size-large wp-image-4434\" src=\"https:\/\/pedagogicovirgendelanatividad.edu.pe\/portal\/wp-content\/uploads\/2024\/09\/WhatsApp-Image-2024-09-27-at-9.04.56-AM-1024x768.jpeg\" alt=\"\" width=\"1024\" height=\"768\" srcset=\"https:\/\/pedagogicovirgendelanatividad.edu.pe\/portal\/wp-content\/uploads\/2024\/09\/WhatsApp-Image-2024-09-27-at-9.04.56-AM-1024x768.jpeg 1024w, https:\/\/pedagogicovirgendelanatividad.edu.pe\/portal\/wp-content\/uploads\/2024\/09\/WhatsApp-Image-2024-09-27-at-9.04.56-AM-300x225.jpeg 300w, https:\/\/pedagogicovirgendelanatividad.edu.pe\/portal\/wp-content\/uploads\/2024\/09\/WhatsApp-Image-2024-09-27-at-9.04.56-AM-768x576.jpeg 768w, https:\/\/pedagogicovirgendelanatividad.edu.pe\/portal\/wp-content\/uploads\/2024\/09\/WhatsApp-Image-2024-09-27-at-9.04.56-AM-100x75.jpeg 100w, https:\/\/pedagogicovirgendelanatividad.edu.pe\/portal\/wp-content\/uploads\/2024\/09\/WhatsApp-Image-2024-09-27-at-9.04.56-AM.jpeg 1040w\" sizes=\"(max-width: 1024px) 100vw, 1024px\" \/> <img decoding=\"async\" class=\"aligncenter size-large wp-image-4433\" src=\"https:\/\/pedagogicovirgendelanatividad.edu.pe\/portal\/wp-content\/uploads\/2024\/09\/WhatsApp-Image-2024-09-27-at-9.04.57-AM-1024x768.jpeg\" alt=\"\" width=\"1024\" height=\"768\" srcset=\"https:\/\/pedagogicovirgendelanatividad.edu.pe\/portal\/wp-content\/uploads\/2024\/09\/WhatsApp-Image-2024-09-27-at-9.04.57-AM-1024x768.jpeg 1024w, https:\/\/pedagogicovirgendelanatividad.edu.pe\/portal\/wp-content\/uploads\/2024\/09\/WhatsApp-Image-2024-09-27-at-9.04.57-AM-300x225.jpeg 300w, https:\/\/pedagogicovirgendelanatividad.edu.pe\/portal\/wp-content\/uploads\/2024\/09\/WhatsApp-Image-2024-09-27-at-9.04.57-AM-768x576.jpeg 768w, https:\/\/pedagogicovirgendelanatividad.edu.pe\/portal\/wp-content\/uploads\/2024\/09\/WhatsApp-Image-2024-09-27-at-9.04.57-AM-100x75.jpeg 100w, https:\/\/pedagogicovirgendelanatividad.edu.pe\/portal\/wp-content\/uploads\/2024\/09\/WhatsApp-Image-2024-09-27-at-9.04.57-AM.jpeg 1040w\" sizes=\"(max-width: 1024px) 100vw, 1024px\" \/> <img decoding=\"async\" class=\"aligncenter size-large wp-image-4435\" src=\"https:\/\/pedagogicovirgendelanatividad.edu.pe\/portal\/wp-content\/uploads\/2024\/09\/WhatsApp-Image-2024-09-27-at-9.04.58-AM-3-1024x768.jpeg\" alt=\"\" width=\"1024\" height=\"768\" srcset=\"https:\/\/pedagogicovirgendelanatividad.edu.pe\/portal\/wp-content\/uploads\/2024\/09\/WhatsApp-Image-2024-09-27-at-9.04.58-AM-3-1024x768.jpeg 1024w, https:\/\/pedagogicovirgendelanatividad.edu.pe\/portal\/wp-content\/uploads\/2024\/09\/WhatsApp-Image-2024-09-27-at-9.04.58-AM-3-300x225.jpeg 300w, https:\/\/pedagogicovirgendelanatividad.edu.pe\/portal\/wp-content\/uploads\/2024\/09\/WhatsApp-Image-2024-09-27-at-9.04.58-AM-3-768x576.jpeg 768w, https:\/\/pedagogicovirgendelanatividad.edu.pe\/portal\/wp-content\/uploads\/2024\/09\/WhatsApp-Image-2024-09-27-at-9.04.58-AM-3-100x75.jpeg 100w, https:\/\/pedagogicovirgendelanatividad.edu.pe\/portal\/wp-content\/uploads\/2024\/09\/WhatsApp-Image-2024-09-27-at-9.04.58-AM-3.jpeg 1040w\" sizes=\"(max-width: 1024px) 100vw, 1024px\" \/> <img loading=\"lazy\" decoding=\"async\" class=\"aligncenter size-large wp-image-4432\" src=\"https:\/\/pedagogicovirgendelanatividad.edu.pe\/portal\/wp-content\/uploads\/2024\/09\/WhatsApp-Image-2024-09-27-at-9.04.58-AM-1024x768.jpeg\" alt=\"\" width=\"1024\" height=\"768\" srcset=\"https:\/\/pedagogicovirgendelanatividad.edu.pe\/portal\/wp-content\/uploads\/2024\/09\/WhatsApp-Image-2024-09-27-at-9.04.58-AM-1024x768.jpeg 1024w, https:\/\/pedagogicovirgendelanatividad.edu.pe\/portal\/wp-content\/uploads\/2024\/09\/WhatsApp-Image-2024-09-27-at-9.04.58-AM-300x225.jpeg 300w, https:\/\/pedagogicovirgendelanatividad.edu.pe\/portal\/wp-content\/uploads\/2024\/09\/WhatsApp-Image-2024-09-27-at-9.04.58-AM-768x576.jpeg 768w, https:\/\/pedagogicovirgendelanatividad.edu.pe\/portal\/wp-content\/uploads\/2024\/09\/WhatsApp-Image-2024-09-27-at-9.04.58-AM-100x75.jpeg 100w, https:\/\/pedagogicovirgendelanatividad.edu.pe\/portal\/wp-content\/uploads\/2024\/09\/WhatsApp-Image-2024-09-27-at-9.04.58-AM.jpeg 1040w\" sizes=\"(max-width: 1024px) 100vw, 1024px\" \/> <img loading=\"lazy\" decoding=\"async\" class=\"aligncenter size-large wp-image-4436\" src=\"https:\/\/pedagogicovirgendelanatividad.edu.pe\/portal\/wp-content\/uploads\/2024\/09\/WhatsApp-Image-2024-09-27-at-9.04.58-AM-2-1024x768.jpeg\" alt=\"\" width=\"1024\" height=\"768\" srcset=\"https:\/\/pedagogicovirgendelanatividad.edu.pe\/portal\/wp-content\/uploads\/2024\/09\/WhatsApp-Image-2024-09-27-at-9.04.58-AM-2-1024x768.jpeg 1024w, https:\/\/pedagogicovirgendelanatividad.edu.pe\/portal\/wp-content\/uploads\/2024\/09\/WhatsApp-Image-2024-09-27-at-9.04.58-AM-2-300x225.jpeg 300w, https:\/\/pedagogicovirgendelanatividad.edu.pe\/portal\/wp-content\/uploads\/2024\/09\/WhatsApp-Image-2024-09-27-at-9.04.58-AM-2-768x576.jpeg 768w, https:\/\/pedagogicovirgendelanatividad.edu.pe\/portal\/wp-content\/uploads\/2024\/09\/WhatsApp-Image-2024-09-27-at-9.04.58-AM-2-100x75.jpeg 100w, https:\/\/pedagogicovirgendelanatividad.edu.pe\/portal\/wp-content\/uploads\/2024\/09\/WhatsApp-Image-2024-09-27-at-9.04.58-AM-2.jpeg 1040w\" sizes=\"(max-width: 1024px) 100vw, 1024px\" \/> <img loading=\"lazy\" decoding=\"async\" class=\"aligncenter size-large wp-image-4437\" src=\"https:\/\/pedagogicovirgendelanatividad.edu.pe\/portal\/wp-content\/uploads\/2024\/09\/WhatsApp-Image-2024-09-27-at-9.04.57-AM-1-1024x768.jpeg\" alt=\"\" width=\"1024\" height=\"768\" srcset=\"https:\/\/pedagogicovirgendelanatividad.edu.pe\/portal\/wp-content\/uploads\/2024\/09\/WhatsApp-Image-2024-09-27-at-9.04.57-AM-1-1024x768.jpeg 1024w, https:\/\/pedagogicovirgendelanatividad.edu.pe\/portal\/wp-content\/uploads\/2024\/09\/WhatsApp-Image-2024-09-27-at-9.04.57-AM-1-300x225.jpeg 300w, https:\/\/pedagogicovirgendelanatividad.edu.pe\/portal\/wp-content\/uploads\/2024\/09\/WhatsApp-Image-2024-09-27-at-9.04.57-AM-1-768x576.jpeg 768w, https:\/\/pedagogicovirgendelanatividad.edu.pe\/portal\/wp-content\/uploads\/2024\/09\/WhatsApp-Image-2024-09-27-at-9.04.57-AM-1-100x75.jpeg 100w, https:\/\/pedagogicovirgendelanatividad.edu.pe\/portal\/wp-content\/uploads\/2024\/09\/WhatsApp-Image-2024-09-27-at-9.04.57-AM-1.jpeg 1040w\" sizes=\"(max-width: 1024px) 100vw, 1024px\" \/>Contenido de la pesta\u00f1a<\/p><\/div>\n\t\t\t\t\t\t\t\t\t<div class=\"elementor-tab-title elementor-tab-mobile-title\" aria-selected=\"false\" data-tab=\"5\" role=\"tab\" tabindex=\"-1\" aria-controls=\"elementor-tab-content-8505\" aria-expanded=\"false\">Manual o Gu\u00edas <\/div>\n\t\t\t\t\t<div id=\"elementor-tab-content-8505\" class=\"elementor-tab-content elementor-clearfix\" data-tab=\"5\" role=\"tabpanel\" aria-labelledby=\"elementor-tab-title-8505\" tabindex=\"0\" hidden=\"hidden\"><iframe style=\"border: 0px #ffffff none;\" src=\"https:\/\/pedagogicovirgendelanatividad.edu.pe\/portal\/wp-content\/uploads\/2024\/09\/Crear-una-Tarea-en-Microsoft-Teams-IESPP-VN.pdf\" name=\"myiFrame\" width=\"350px\" height=\"400px\" frameborder=\"10\" marginwidth=\"0px\" marginheight=\"0px\" scrolling=\"no\" allowfullscreen=\"allowfullscreen\"><\/iframe>\n\n<iframe style=\"border: 0px #ffffff none;\" src=\"https:\/\/pedagogicovirgendelanatividad.edu.pe\/portal\/wp-content\/uploads\/2024\/09\/Manual-de-uso-OneDrive-IESPP-VN.pdf\" name=\"myiFrame\" width=\"350px\" height=\"400px\" frameborder=\"10\" marginwidth=\"0px\" marginheight=\"0px\" scrolling=\"no\" allowfullscreen=\"allowfullscreen\"><\/iframe>\n\n<iframe style=\"border: 0px #ffffff none;\" src=\"https:\/\/pedagogicovirgendelanatividad.edu.pe\/portal\/wp-content\/uploads\/2024\/09\/Como-entregar-una-tarea.pdf\" name=\"myiFrame\" width=\"350px\" height=\"400px\" frameborder=\"10\" marginwidth=\"0px\" marginheight=\"0px\" scrolling=\"no\" allowfullscreen=\"allowfullscreen\"><\/iframe><\/div>\n\t\t\t\t\t\t\t<\/div>\n\t\t<\/div>\n\t\t\t\t\t\t<\/div>\n\t\t\t\t<\/div>\n\t\t\t\t\t<\/div>\n\t\t<\/div>\n\t\t\t\t\t<\/div>\n\t\t<\/section>\n\t\t\t\t<\/div>\n\t\t","protected":false},"excerpt":{"rendered":"<p class=\"tx-excerpt\">Contacto Presentaci\u00f3n Talleres Panel Fotografico Manual o Gu\u00edas Contacto Ing. Irving Alex FLORES VERA\u00a0 Cel: 901066599 Correo: iflores@pedagogicovirgendelanatividad.edu.pe Presentaci\u00f3n DINAMIZADOR EVA El\u00a0DINAMIZADOR DE<div class=\"tx-read-more\"><a href=\"https:\/\/pedagogicovirgendelanatividad.edu.pe\/portal\/dinamizador-eva\/\">Seguir Leyendo<\/a><\/div>","protected":false},"author":1,"featured_media":0,"parent":0,"menu_order":0,"comment_status":"closed","ping_status":"closed","template":"","meta":{"footnotes":""},"class_list":["post-3717","page","type-page","status-publish","hentry"],"_links":{"self":[{"href":"https:\/\/pedagogicovirgendelanatividad.edu.pe\/portal\/wp-json\/wp\/v2\/pages\/3717","targetHints":{"allow":["GET"]}}],"collection":[{"href":"https:\/\/pedagogicovirgendelanatividad.edu.pe\/portal\/wp-json\/wp\/v2\/pages"}],"about":[{"href":"https:\/\/pedagogicovirgendelanatividad.edu.pe\/portal\/wp-json\/wp\/v2\/types\/page"}],"author":[{"embeddable":true,"href":"https:\/\/pedagogicovirgendelanatividad.edu.pe\/portal\/wp-json\/wp\/v2\/users\/1"}],"replies":[{"embeddable":true,"href":"https:\/\/pedagogicovirgendelanatividad.edu.pe\/portal\/wp-json\/wp\/v2\/comments?post=3717"}],"version-history":[{"count":7,"href":"https:\/\/pedagogicovirgendelanatividad.edu.pe\/portal\/wp-json\/wp\/v2\/pages\/3717\/revisions"}],"predecessor-version":[{"id":4443,"href":"https:\/\/pedagogicovirgendelanatividad.edu.pe\/portal\/wp-json\/wp\/v2\/pages\/3717\/revisions\/4443"}],"wp:attachment":[{"href":"https:\/\/pedagogicovirgendelanatividad.edu.pe\/portal\/wp-json\/wp\/v2\/media?parent=3717"}],"curies":[{"name":"wp","href":"https:\/\/api.w.org\/{rel}","templated":true}]}}