{"id":3722,"date":"2023-09-22T10:51:43","date_gmt":"2023-09-22T15:51:43","guid":{"rendered":"https:\/\/pedagogicovirgendelanatividad.edu.pe\/portal\/?page_id=3722"},"modified":"2024-09-26T10:53:55","modified_gmt":"2024-09-26T15:53:55","slug":"soporte-psicopedagogico","status":"publish","type":"page","link":"https:\/\/pedagogicovirgendelanatividad.edu.pe\/portal\/soporte-psicopedagogico\/","title":{"rendered":"Soporte Psicopedag\u00f3gico"},"content":{"rendered":"\t\t<div data-elementor-type=\"wp-page\" data-elementor-id=\"3722\" class=\"elementor elementor-3722\">\n\t\t\t\t\t\t<section class=\"elementor-section elementor-top-section elementor-element elementor-element-ad35cde elementor-section-boxed elementor-section-height-default elementor-section-height-default\" data-id=\"ad35cde\" data-element_type=\"section\">\n\t\t\t\t\t\t<div class=\"elementor-container elementor-column-gap-default\">\n\t\t\t\t\t<div class=\"elementor-column elementor-col-100 elementor-top-column elementor-element elementor-element-f0bc559\" data-id=\"f0bc559\" data-element_type=\"column\">\n\t\t\t<div class=\"elementor-widget-wrap elementor-element-populated\">\n\t\t\t\t\t\t<div class=\"elementor-element elementor-element-587e1da elementor-tabs-alignment-stretch elementor-tabs-view-horizontal elementor-widget elementor-widget-tabs\" data-id=\"587e1da\" data-element_type=\"widget\" data-widget_type=\"tabs.default\">\n\t\t\t\t<div class=\"elementor-widget-container\">\n\t\t\t\t\t\t\t<div class=\"elementor-tabs\">\n\t\t\t<div class=\"elementor-tabs-wrapper\" role=\"tablist\" >\n\t\t\t\t\t\t\t\t\t<div id=\"elementor-tab-title-9271\" class=\"elementor-tab-title elementor-tab-desktop-title\" aria-selected=\"true\" data-tab=\"1\" role=\"tab\" tabindex=\"0\" aria-controls=\"elementor-tab-content-9271\" aria-expanded=\"false\">Contacto <\/div>\n\t\t\t\t\t\t\t\t\t<div id=\"elementor-tab-title-9272\" class=\"elementor-tab-title elementor-tab-desktop-title\" aria-selected=\"false\" data-tab=\"2\" role=\"tab\" tabindex=\"-1\" aria-controls=\"elementor-tab-content-9272\" aria-expanded=\"false\">Presentaci\u00f3n<\/div>\n\t\t\t\t\t\t\t\t\t<div id=\"elementor-tab-title-9273\" class=\"elementor-tab-title elementor-tab-desktop-title\" aria-selected=\"false\" data-tab=\"3\" role=\"tab\" tabindex=\"-1\" aria-controls=\"elementor-tab-content-9273\" aria-expanded=\"false\">Talleres<\/div>\n\t\t\t\t\t\t\t\t\t<div id=\"elementor-tab-title-9274\" class=\"elementor-tab-title elementor-tab-desktop-title\" aria-selected=\"false\" data-tab=\"4\" role=\"tab\" tabindex=\"-1\" aria-controls=\"elementor-tab-content-9274\" aria-expanded=\"false\">Panel Fotografico<\/div>\n\t\t\t\t\t\t\t\t\t<div id=\"elementor-tab-title-9275\" class=\"elementor-tab-title elementor-tab-desktop-title\" aria-selected=\"false\" data-tab=\"5\" role=\"tab\" tabindex=\"-1\" aria-controls=\"elementor-tab-content-9275\" aria-expanded=\"false\">Material de Apoyo<\/div>\n\t\t\t\t\t\t\t<\/div>\n\t\t\t<div class=\"elementor-tabs-content-wrapper\" role=\"tablist\" aria-orientation=\"vertical\">\n\t\t\t\t\t\t\t\t\t<div class=\"elementor-tab-title elementor-tab-mobile-title\" aria-selected=\"true\" data-tab=\"1\" role=\"tab\" tabindex=\"0\" aria-controls=\"elementor-tab-content-9271\" aria-expanded=\"false\">Contacto <\/div>\n\t\t\t\t\t<div id=\"elementor-tab-content-9271\" class=\"elementor-tab-content elementor-clearfix\" data-tab=\"1\" role=\"tabpanel\" aria-labelledby=\"elementor-tab-title-9271\" tabindex=\"0\" hidden=\"false\"><ul>\n<li>\n<h4>Psi.&nbsp;Sheshyra koral Palomino Cjumo<\/h4>\n<\/li>\n<li>\n<h4>Cel:&nbsp;908 839 084<\/h4>\n<\/li>\n<li>\n<h4>Correo: spalomino@pedagogicovirgendelanatividad.edu.pe<\/h4>\n<\/li>\n<\/ul>\n<p>.<\/p><\/div>\n\t\t\t\t\t\t\t\t\t<div class=\"elementor-tab-title elementor-tab-mobile-title\" aria-selected=\"false\" data-tab=\"2\" role=\"tab\" tabindex=\"-1\" aria-controls=\"elementor-tab-content-9272\" aria-expanded=\"false\">Presentaci\u00f3n<\/div>\n\t\t\t\t\t<div id=\"elementor-tab-content-9272\" class=\"elementor-tab-content elementor-clearfix\" data-tab=\"2\" role=\"tabpanel\" aria-labelledby=\"elementor-tab-title-9272\" tabindex=\"0\" hidden=\"hidden\"><p class=\"has-text-align-center\"><strong>SOPORTE PSICOPEDAG\u00d3GICO<\/strong><\/p>\n<p>El \u00e1rea de soporte psicopedag\u00f3gico realiza las acciones que los T\u00e9rminos De Referencia (TDR) del Instituto Superior Pedag\u00f3gico Virgen de la Natividad de Paruro, en donde se da a conocer de manera puntual y resumida la asistencia realizada para las acciones de asesor\u00eda a los docentes formadores y estudiantes, en materia de tutor\u00eda, orientaci\u00f3n acad\u00e9mica vocacional, salud mental y convivencia pac\u00edfica. De la misma forma informar la coordinaci\u00f3n y monitorio de la atenci\u00f3n y asesor\u00eda psicopedag\u00f3gica a los miembros de toda la comunidad educativa.<\/p>\n<p style=\"text-align: left;\">El trabajo a realizar se desarrollar\u00e1 mediante campa\u00f1as de prevenci\u00f3n en temas relacionados con la salud mental para un adecuado desarrollo integral de los estudiantes, cada actividad realizada tendr\u00e1 un objetivo com\u00fan que es, contribuir a la implementaci\u00f3n del modelo del servicio educativo, con la finalidad de contribuir y garantizar la calidad de la formaci\u00f3n profesional de sus estudiantes. A su vez colaborar en los mecanismos de intermediaci\u00f3n laboral en marco al DS N\u00b0 016-2021 MINEDU, sobre la cual se&nbsp;est\u00e1 evaluando a la Instituci\u00f3n en el marco del licenciamiento.<\/p><\/div>\n\t\t\t\t\t\t\t\t\t<div class=\"elementor-tab-title elementor-tab-mobile-title\" aria-selected=\"false\" data-tab=\"3\" role=\"tab\" tabindex=\"-1\" aria-controls=\"elementor-tab-content-9273\" aria-expanded=\"false\">Talleres<\/div>\n\t\t\t\t\t<div id=\"elementor-tab-content-9273\" class=\"elementor-tab-content elementor-clearfix\" data-tab=\"3\" role=\"tabpanel\" aria-labelledby=\"elementor-tab-title-9273\" tabindex=\"0\" hidden=\"hidden\">Contenido de la pesta\u00f1a<\/div>\n\t\t\t\t\t\t\t\t\t<div class=\"elementor-tab-title elementor-tab-mobile-title\" aria-selected=\"false\" data-tab=\"4\" role=\"tab\" tabindex=\"-1\" aria-controls=\"elementor-tab-content-9274\" aria-expanded=\"false\">Panel Fotografico<\/div>\n\t\t\t\t\t<div id=\"elementor-tab-content-9274\" class=\"elementor-tab-content elementor-clearfix\" data-tab=\"4\" role=\"tabpanel\" aria-labelledby=\"elementor-tab-title-9274\" tabindex=\"0\" hidden=\"hidden\"><p><img fetchpriority=\"high\" decoding=\"async\" class=\"size-large wp-image-4394 alignnone\" src=\"https:\/\/pedagogicovirgendelanatividad.edu.pe\/portal\/wp-content\/uploads\/2024\/09\/WhatsApp-Image-2024-09-25-at-2.10.16-PM-2-1024x768.jpeg\" alt=\"\" width=\"1024\" height=\"768\" srcset=\"https:\/\/pedagogicovirgendelanatividad.edu.pe\/portal\/wp-content\/uploads\/2024\/09\/WhatsApp-Image-2024-09-25-at-2.10.16-PM-2-1024x768.jpeg 1024w, https:\/\/pedagogicovirgendelanatividad.edu.pe\/portal\/wp-content\/uploads\/2024\/09\/WhatsApp-Image-2024-09-25-at-2.10.16-PM-2-300x225.jpeg 300w, https:\/\/pedagogicovirgendelanatividad.edu.pe\/portal\/wp-content\/uploads\/2024\/09\/WhatsApp-Image-2024-09-25-at-2.10.16-PM-2-768x576.jpeg 768w, https:\/\/pedagogicovirgendelanatividad.edu.pe\/portal\/wp-content\/uploads\/2024\/09\/WhatsApp-Image-2024-09-25-at-2.10.16-PM-2-1536x1152.jpeg 1536w, https:\/\/pedagogicovirgendelanatividad.edu.pe\/portal\/wp-content\/uploads\/2024\/09\/WhatsApp-Image-2024-09-25-at-2.10.16-PM-2-100x75.jpeg 100w, https:\/\/pedagogicovirgendelanatividad.edu.pe\/portal\/wp-content\/uploads\/2024\/09\/WhatsApp-Image-2024-09-25-at-2.10.16-PM-2.jpeg 1600w\" sizes=\"(max-width: 1024px) 100vw, 1024px\" \/> <img decoding=\"async\" class=\"size-large wp-image-4395 alignnone\" src=\"https:\/\/pedagogicovirgendelanatividad.edu.pe\/portal\/wp-content\/uploads\/2024\/09\/WhatsApp-Image-2024-09-25-at-2.10.16-PM-1-1024x768.jpeg\" alt=\"\" width=\"1024\" height=\"768\" srcset=\"https:\/\/pedagogicovirgendelanatividad.edu.pe\/portal\/wp-content\/uploads\/2024\/09\/WhatsApp-Image-2024-09-25-at-2.10.16-PM-1-1024x768.jpeg 1024w, https:\/\/pedagogicovirgendelanatividad.edu.pe\/portal\/wp-content\/uploads\/2024\/09\/WhatsApp-Image-2024-09-25-at-2.10.16-PM-1-300x225.jpeg 300w, https:\/\/pedagogicovirgendelanatividad.edu.pe\/portal\/wp-content\/uploads\/2024\/09\/WhatsApp-Image-2024-09-25-at-2.10.16-PM-1-768x576.jpeg 768w, https:\/\/pedagogicovirgendelanatividad.edu.pe\/portal\/wp-content\/uploads\/2024\/09\/WhatsApp-Image-2024-09-25-at-2.10.16-PM-1-1536x1152.jpeg 1536w, https:\/\/pedagogicovirgendelanatividad.edu.pe\/portal\/wp-content\/uploads\/2024\/09\/WhatsApp-Image-2024-09-25-at-2.10.16-PM-1-100x75.jpeg 100w, https:\/\/pedagogicovirgendelanatividad.edu.pe\/portal\/wp-content\/uploads\/2024\/09\/WhatsApp-Image-2024-09-25-at-2.10.16-PM-1.jpeg 1600w\" sizes=\"(max-width: 1024px) 100vw, 1024px\" \/> <img decoding=\"async\" class=\"size-large wp-image-4396 alignnone\" src=\"https:\/\/pedagogicovirgendelanatividad.edu.pe\/portal\/wp-content\/uploads\/2024\/09\/WhatsApp-Image-2024-09-25-at-2.10.16-PM-1024x768.jpeg\" alt=\"\" width=\"1024\" height=\"768\" srcset=\"https:\/\/pedagogicovirgendelanatividad.edu.pe\/portal\/wp-content\/uploads\/2024\/09\/WhatsApp-Image-2024-09-25-at-2.10.16-PM-1024x768.jpeg 1024w, https:\/\/pedagogicovirgendelanatividad.edu.pe\/portal\/wp-content\/uploads\/2024\/09\/WhatsApp-Image-2024-09-25-at-2.10.16-PM-300x225.jpeg 300w, https:\/\/pedagogicovirgendelanatividad.edu.pe\/portal\/wp-content\/uploads\/2024\/09\/WhatsApp-Image-2024-09-25-at-2.10.16-PM-768x576.jpeg 768w, https:\/\/pedagogicovirgendelanatividad.edu.pe\/portal\/wp-content\/uploads\/2024\/09\/WhatsApp-Image-2024-09-25-at-2.10.16-PM-1536x1152.jpeg 1536w, https:\/\/pedagogicovirgendelanatividad.edu.pe\/portal\/wp-content\/uploads\/2024\/09\/WhatsApp-Image-2024-09-25-at-2.10.16-PM-100x75.jpeg 100w, https:\/\/pedagogicovirgendelanatividad.edu.pe\/portal\/wp-content\/uploads\/2024\/09\/WhatsApp-Image-2024-09-25-at-2.10.16-PM.jpeg 1600w\" sizes=\"(max-width: 1024px) 100vw, 1024px\" \/> <img loading=\"lazy\" decoding=\"async\" class=\"size-large wp-image-4397 alignnone\" src=\"https:\/\/pedagogicovirgendelanatividad.edu.pe\/portal\/wp-content\/uploads\/2024\/09\/WhatsApp-Image-2024-09-25-at-2.10.15-PM-1024x768.jpeg\" alt=\"\" width=\"1024\" height=\"768\" srcset=\"https:\/\/pedagogicovirgendelanatividad.edu.pe\/portal\/wp-content\/uploads\/2024\/09\/WhatsApp-Image-2024-09-25-at-2.10.15-PM-1024x768.jpeg 1024w, https:\/\/pedagogicovirgendelanatividad.edu.pe\/portal\/wp-content\/uploads\/2024\/09\/WhatsApp-Image-2024-09-25-at-2.10.15-PM-300x225.jpeg 300w, https:\/\/pedagogicovirgendelanatividad.edu.pe\/portal\/wp-content\/uploads\/2024\/09\/WhatsApp-Image-2024-09-25-at-2.10.15-PM-768x576.jpeg 768w, https:\/\/pedagogicovirgendelanatividad.edu.pe\/portal\/wp-content\/uploads\/2024\/09\/WhatsApp-Image-2024-09-25-at-2.10.15-PM-1536x1152.jpeg 1536w, https:\/\/pedagogicovirgendelanatividad.edu.pe\/portal\/wp-content\/uploads\/2024\/09\/WhatsApp-Image-2024-09-25-at-2.10.15-PM-100x75.jpeg 100w, https:\/\/pedagogicovirgendelanatividad.edu.pe\/portal\/wp-content\/uploads\/2024\/09\/WhatsApp-Image-2024-09-25-at-2.10.15-PM.jpeg 1600w\" sizes=\"(max-width: 1024px) 100vw, 1024px\" \/><\/p><\/div>\n\t\t\t\t\t\t\t\t\t<div class=\"elementor-tab-title elementor-tab-mobile-title\" aria-selected=\"false\" data-tab=\"5\" role=\"tab\" tabindex=\"-1\" aria-controls=\"elementor-tab-content-9275\" aria-expanded=\"false\">Material de Apoyo<\/div>\n\t\t\t\t\t<div id=\"elementor-tab-content-9275\" class=\"elementor-tab-content elementor-clearfix\" data-tab=\"5\" role=\"tabpanel\" aria-labelledby=\"elementor-tab-title-9275\" tabindex=\"0\" hidden=\"hidden\"><iframe style=\"border: 0px #ffffff none;\" src=\"https:\/\/pedagogicovirgendelanatividad.edu.pe\/portal\/wp-content\/uploads\/2024\/09\/Programa-y-estrateguas-para-la-convivencia-escolar_compressed.pdf\" name=\"myiFrame\" width=\"800px\" height=\"350px\" frameborder=\"1\" marginwidth=\"0px\" marginheight=\"0px\" scrolling=\"no\" allowfullscreen=\"allowfullscreen\"><\/iframe>\n\n<iframe style=\"border: 0px #ffffff none;\" src=\"https:\/\/pedagogicovirgendelanatividad.edu.pe\/portal\/wp-content\/uploads\/2024\/09\/Prevencion-del-suicidio_compressed.pdf\" name=\"myiFrame\" width=\"800px\" height=\"350px\" frameborder=\"1\" marginwidth=\"0px\" marginheight=\"0px\" scrolling=\"no\" allowfullscreen=\"allowfullscreen\"><\/iframe><\/div>\n\t\t\t\t\t\t\t<\/div>\n\t\t<\/div>\n\t\t\t\t\t\t<\/div>\n\t\t\t\t<\/div>\n\t\t\t\t\t<\/div>\n\t\t<\/div>\n\t\t\t\t\t<\/div>\n\t\t<\/section>\n\t\t\t\t<\/div>\n\t\t","protected":false},"excerpt":{"rendered":"<p class=\"tx-excerpt\">Contacto Presentaci\u00f3n Talleres Panel Fotografico Material de Apoyo Contacto Psi.&nbsp;Sheshyra koral Palomino Cjumo Cel:&nbsp;908 839 084 Correo: spalomino@pedagogicovirgendelanatividad.edu.pe . Presentaci\u00f3n SOPORTE PSICOPEDAG\u00d3GICO El<div class=\"tx-read-more\"><a href=\"https:\/\/pedagogicovirgendelanatividad.edu.pe\/portal\/soporte-psicopedagogico\/\">Seguir Leyendo<\/a><\/div>","protected":false},"author":1,"featured_media":0,"parent":0,"menu_order":0,"comment_status":"closed","ping_status":"closed","template":"","meta":{"footnotes":""},"class_list":["post-3722","page","type-page","status-publish","hentry"],"_links":{"self":[{"href":"https:\/\/pedagogicovirgendelanatividad.edu.pe\/portal\/wp-json\/wp\/v2\/pages\/3722","targetHints":{"allow":["GET"]}}],"collection":[{"href":"https:\/\/pedagogicovirgendelanatividad.edu.pe\/portal\/wp-json\/wp\/v2\/pages"}],"about":[{"href":"https:\/\/pedagogicovirgendelanatividad.edu.pe\/portal\/wp-json\/wp\/v2\/types\/page"}],"author":[{"embeddable":true,"href":"https:\/\/pedagogicovirgendelanatividad.edu.pe\/portal\/wp-json\/wp\/v2\/users\/1"}],"replies":[{"embeddable":true,"href":"https:\/\/pedagogicovirgendelanatividad.edu.pe\/portal\/wp-json\/wp\/v2\/comments?post=3722"}],"version-history":[{"count":31,"href":"https:\/\/pedagogicovirgendelanatividad.edu.pe\/portal\/wp-json\/wp\/v2\/pages\/3722\/revisions"}],"predecessor-version":[{"id":4416,"href":"https:\/\/pedagogicovirgendelanatividad.edu.pe\/portal\/wp-json\/wp\/v2\/pages\/3722\/revisions\/4416"}],"wp:attachment":[{"href":"https:\/\/pedagogicovirgendelanatividad.edu.pe\/portal\/wp-json\/wp\/v2\/media?parent=3722"}],"curies":[{"name":"wp","href":"https:\/\/api.w.org\/{rel}","templated":true}]}}