{"id":3724,"date":"2023-09-22T10:53:37","date_gmt":"2023-09-22T15:53:37","guid":{"rendered":"https:\/\/pedagogicovirgendelanatividad.edu.pe\/portal\/?page_id=3724"},"modified":"2024-09-27T09:36:59","modified_gmt":"2024-09-27T14:36:59","slug":"soporte-a-la-unidad-de-investigacion","status":"publish","type":"page","link":"https:\/\/pedagogicovirgendelanatividad.edu.pe\/portal\/soporte-a-la-unidad-de-investigacion\/","title":{"rendered":"Soporte a la Unidad de Investigaci\u00f3n"},"content":{"rendered":"\t\t<div data-elementor-type=\"wp-page\" data-elementor-id=\"3724\" class=\"elementor elementor-3724\">\n\t\t\t\t\t\t<section class=\"elementor-section elementor-top-section elementor-element elementor-element-fe31972 elementor-section-boxed elementor-section-height-default elementor-section-height-default\" data-id=\"fe31972\" data-element_type=\"section\">\n\t\t\t\t\t\t<div class=\"elementor-container elementor-column-gap-default\">\n\t\t\t\t\t<div class=\"elementor-column elementor-col-100 elementor-top-column elementor-element elementor-element-1d6fb2d\" data-id=\"1d6fb2d\" data-element_type=\"column\">\n\t\t\t<div class=\"elementor-widget-wrap\">\n\t\t\t\t\t\t\t<\/div>\n\t\t<\/div>\n\t\t\t\t\t<\/div>\n\t\t<\/section>\n\t\t\t\t<section class=\"elementor-section elementor-top-section elementor-element elementor-element-9f6d60c elementor-section-boxed elementor-section-height-default elementor-section-height-default\" data-id=\"9f6d60c\" data-element_type=\"section\">\n\t\t\t\t\t\t<div class=\"elementor-container elementor-column-gap-default\">\n\t\t\t\t\t<div class=\"elementor-column elementor-col-100 elementor-top-column elementor-element elementor-element-b750ca6\" data-id=\"b750ca6\" data-element_type=\"column\">\n\t\t\t<div class=\"elementor-widget-wrap elementor-element-populated\">\n\t\t\t\t\t\t<div class=\"elementor-element elementor-element-1de86db elementor-tabs-view-horizontal elementor-widget elementor-widget-tabs\" data-id=\"1de86db\" data-element_type=\"widget\" data-widget_type=\"tabs.default\">\n\t\t\t\t<div class=\"elementor-widget-container\">\n\t\t\t\t\t\t\t<div class=\"elementor-tabs\">\n\t\t\t<div class=\"elementor-tabs-wrapper\" role=\"tablist\" >\n\t\t\t\t\t\t\t\t\t<div id=\"elementor-tab-title-3131\" class=\"elementor-tab-title elementor-tab-desktop-title\" aria-selected=\"true\" data-tab=\"1\" role=\"tab\" tabindex=\"0\" aria-controls=\"elementor-tab-content-3131\" aria-expanded=\"false\">Contacto<\/div>\n\t\t\t\t\t\t\t\t\t<div id=\"elementor-tab-title-3132\" class=\"elementor-tab-title elementor-tab-desktop-title\" aria-selected=\"false\" data-tab=\"2\" role=\"tab\" tabindex=\"-1\" aria-controls=\"elementor-tab-content-3132\" aria-expanded=\"false\">Presentaci\u00f3n<\/div>\n\t\t\t\t\t\t\t\t\t<div id=\"elementor-tab-title-3133\" class=\"elementor-tab-title elementor-tab-desktop-title\" aria-selected=\"false\" data-tab=\"3\" role=\"tab\" tabindex=\"-1\" aria-controls=\"elementor-tab-content-3133\" aria-expanded=\"false\">Talleres<\/div>\n\t\t\t\t\t\t\t\t\t<div id=\"elementor-tab-title-3134\" class=\"elementor-tab-title elementor-tab-desktop-title\" aria-selected=\"false\" data-tab=\"4\" role=\"tab\" tabindex=\"-1\" aria-controls=\"elementor-tab-content-3134\" aria-expanded=\"false\">Panel Fotografico<\/div>\n\t\t\t\t\t\t\t\t\t<div id=\"elementor-tab-title-3135\" class=\"elementor-tab-title elementor-tab-desktop-title\" aria-selected=\"false\" data-tab=\"5\" role=\"tab\" tabindex=\"-1\" aria-controls=\"elementor-tab-content-3135\" aria-expanded=\"false\">Reglamento de Investigaci\u00f3n<\/div>\n\t\t\t\t\t\t\t<\/div>\n\t\t\t<div class=\"elementor-tabs-content-wrapper\" role=\"tablist\" aria-orientation=\"vertical\">\n\t\t\t\t\t\t\t\t\t<div class=\"elementor-tab-title elementor-tab-mobile-title\" aria-selected=\"true\" data-tab=\"1\" role=\"tab\" tabindex=\"0\" aria-controls=\"elementor-tab-content-3131\" aria-expanded=\"false\">Contacto<\/div>\n\t\t\t\t\t<div id=\"elementor-tab-content-3131\" class=\"elementor-tab-content elementor-clearfix\" data-tab=\"1\" role=\"tabpanel\" aria-labelledby=\"elementor-tab-title-3131\" tabindex=\"0\" hidden=\"false\"><ul>\n<li>\n<h4>Dra. Sandra Rosa TAPIA RODRIGUEZ<\/h4>\n<\/li>\n<li>\n<h4>Cel:&nbsp;974 618 941<\/h4>\n<\/li>\n<li>\n<h4>Correo: stapia@pedagogicovirgendelanatividad.edu.pe<\/h4>\n<\/li>\n<\/ul><\/div>\n\t\t\t\t\t\t\t\t\t<div class=\"elementor-tab-title elementor-tab-mobile-title\" aria-selected=\"false\" data-tab=\"2\" role=\"tab\" tabindex=\"-1\" aria-controls=\"elementor-tab-content-3132\" aria-expanded=\"false\">Presentaci\u00f3n<\/div>\n\t\t\t\t\t<div id=\"elementor-tab-content-3132\" class=\"elementor-tab-content elementor-clearfix\" data-tab=\"2\" role=\"tabpanel\" aria-labelledby=\"elementor-tab-title-3132\" tabindex=\"0\" hidden=\"hidden\"><p><strong>SOPORTE UNIDAD DE INVESTIGACI\u00d3N DEL IESPP \u201cVIRGEN DE LA NATIVIDAD\u201d<\/strong><\/p><p><strong>El presente servicio de soporte de unidad de investigaci\u00f3n se desarrolla en Oficina de Unidad de Investigaci\u00f3n del IESPP \u201cVIRGEN DE LA NATIVIDAD\u201d; el cual busca el fortalecimiento de las capacidades y actitudes para la investigaci\u00f3n en toda la comunidad educativa.<br \/>Esto a trav\u00e9s del desarrollo de programas de salud p\u00fablica, dirigido a los estudiantes, docentes, personal directivo y administrativo. Con el fin de propiciar el desarrollo f\u00edsico, integral y familiar, desarrollando actividades que contribuyan al mejoramiento del bienestar de la comunidad educativa.<\/strong><\/p><p><strong>Del servicio de soporte de unidad de investigaci\u00f3n:<\/strong><\/p><ul><li><strong>Emitir propuestas de pol\u00edticas, orientadas y documentos normativos dirigidos a implementar el desarrollo de la investigaci\u00f3n e innovaci\u00f3n.<\/strong><\/li><li><strong>Proponer y gestionar la implementaci\u00f3n de las l\u00edneas de investigaci\u00f3n institucional, en consenso con las \u00e1reas encargadas de la instituci\u00f3n.<\/strong><\/li><li style=\"text-align: left;\"><strong>Elaborar instrumentos t\u00e9cnicos normativos para el fomento y regulaci\u00f3n de la investigaci\u00f3n e innovaci\u00f3n a nivel de Formaci\u00f3n Inicial Docente, Desarrollo Profesional y Formaci\u00f3n Continua.<\/strong><\/li><\/ul><\/div>\n\t\t\t\t\t\t\t\t\t<div class=\"elementor-tab-title elementor-tab-mobile-title\" aria-selected=\"false\" data-tab=\"3\" role=\"tab\" tabindex=\"-1\" aria-controls=\"elementor-tab-content-3133\" aria-expanded=\"false\">Talleres<\/div>\n\t\t\t\t\t<div id=\"elementor-tab-content-3133\" class=\"elementor-tab-content elementor-clearfix\" data-tab=\"3\" role=\"tabpanel\" aria-labelledby=\"elementor-tab-title-3133\" tabindex=\"0\" hidden=\"hidden\">Contenido de la pesta\u00f1a<\/div>\n\t\t\t\t\t\t\t\t\t<div class=\"elementor-tab-title elementor-tab-mobile-title\" aria-selected=\"false\" data-tab=\"4\" role=\"tab\" tabindex=\"-1\" aria-controls=\"elementor-tab-content-3134\" aria-expanded=\"false\">Panel Fotografico<\/div>\n\t\t\t\t\t<div id=\"elementor-tab-content-3134\" class=\"elementor-tab-content elementor-clearfix\" data-tab=\"4\" role=\"tabpanel\" aria-labelledby=\"elementor-tab-title-3134\" tabindex=\"0\" hidden=\"hidden\"><p><img fetchpriority=\"high\" decoding=\"async\" class=\"aligncenter size-large wp-image-4449\" src=\"https:\/\/pedagogicovirgendelanatividad.edu.pe\/portal\/wp-content\/uploads\/2024\/09\/WhatsApp-Image-2024-09-27-at-9.35.43-AM-1024x768.jpeg\" alt=\"\" width=\"1024\" height=\"768\" srcset=\"https:\/\/pedagogicovirgendelanatividad.edu.pe\/portal\/wp-content\/uploads\/2024\/09\/WhatsApp-Image-2024-09-27-at-9.35.43-AM-1024x768.jpeg 1024w, https:\/\/pedagogicovirgendelanatividad.edu.pe\/portal\/wp-content\/uploads\/2024\/09\/WhatsApp-Image-2024-09-27-at-9.35.43-AM-300x225.jpeg 300w, https:\/\/pedagogicovirgendelanatividad.edu.pe\/portal\/wp-content\/uploads\/2024\/09\/WhatsApp-Image-2024-09-27-at-9.35.43-AM-768x576.jpeg 768w, https:\/\/pedagogicovirgendelanatividad.edu.pe\/portal\/wp-content\/uploads\/2024\/09\/WhatsApp-Image-2024-09-27-at-9.35.43-AM-100x75.jpeg 100w, https:\/\/pedagogicovirgendelanatividad.edu.pe\/portal\/wp-content\/uploads\/2024\/09\/WhatsApp-Image-2024-09-27-at-9.35.43-AM.jpeg 1040w\" sizes=\"(max-width: 1024px) 100vw, 1024px\" \/> <img decoding=\"async\" class=\"aligncenter size-large wp-image-4450\" src=\"https:\/\/pedagogicovirgendelanatividad.edu.pe\/portal\/wp-content\/uploads\/2024\/09\/WhatsApp-Image-2024-09-27-at-9.35.42-AM-1-1024x768.jpeg\" alt=\"\" width=\"1024\" height=\"768\" srcset=\"https:\/\/pedagogicovirgendelanatividad.edu.pe\/portal\/wp-content\/uploads\/2024\/09\/WhatsApp-Image-2024-09-27-at-9.35.42-AM-1-1024x768.jpeg 1024w, https:\/\/pedagogicovirgendelanatividad.edu.pe\/portal\/wp-content\/uploads\/2024\/09\/WhatsApp-Image-2024-09-27-at-9.35.42-AM-1-300x225.jpeg 300w, https:\/\/pedagogicovirgendelanatividad.edu.pe\/portal\/wp-content\/uploads\/2024\/09\/WhatsApp-Image-2024-09-27-at-9.35.42-AM-1-768x576.jpeg 768w, https:\/\/pedagogicovirgendelanatividad.edu.pe\/portal\/wp-content\/uploads\/2024\/09\/WhatsApp-Image-2024-09-27-at-9.35.42-AM-1-100x75.jpeg 100w, https:\/\/pedagogicovirgendelanatividad.edu.pe\/portal\/wp-content\/uploads\/2024\/09\/WhatsApp-Image-2024-09-27-at-9.35.42-AM-1.jpeg 1040w\" sizes=\"(max-width: 1024px) 100vw, 1024px\" \/> <img decoding=\"async\" class=\"aligncenter size-large wp-image-4451\" src=\"https:\/\/pedagogicovirgendelanatividad.edu.pe\/portal\/wp-content\/uploads\/2024\/09\/WhatsApp-Image-2024-09-27-at-9.35.42-AM-1024x768.jpeg\" alt=\"\" width=\"1024\" height=\"768\" srcset=\"https:\/\/pedagogicovirgendelanatividad.edu.pe\/portal\/wp-content\/uploads\/2024\/09\/WhatsApp-Image-2024-09-27-at-9.35.42-AM-1024x768.jpeg 1024w, https:\/\/pedagogicovirgendelanatividad.edu.pe\/portal\/wp-content\/uploads\/2024\/09\/WhatsApp-Image-2024-09-27-at-9.35.42-AM-300x225.jpeg 300w, https:\/\/pedagogicovirgendelanatividad.edu.pe\/portal\/wp-content\/uploads\/2024\/09\/WhatsApp-Image-2024-09-27-at-9.35.42-AM-768x576.jpeg 768w, https:\/\/pedagogicovirgendelanatividad.edu.pe\/portal\/wp-content\/uploads\/2024\/09\/WhatsApp-Image-2024-09-27-at-9.35.42-AM-100x75.jpeg 100w, https:\/\/pedagogicovirgendelanatividad.edu.pe\/portal\/wp-content\/uploads\/2024\/09\/WhatsApp-Image-2024-09-27-at-9.35.42-AM.jpeg 1040w\" sizes=\"(max-width: 1024px) 100vw, 1024px\" \/><\/p><\/div>\n\t\t\t\t\t\t\t\t\t<div class=\"elementor-tab-title elementor-tab-mobile-title\" aria-selected=\"false\" data-tab=\"5\" role=\"tab\" tabindex=\"-1\" aria-controls=\"elementor-tab-content-3135\" aria-expanded=\"false\">Reglamento de Investigaci\u00f3n<\/div>\n\t\t\t\t\t<div id=\"elementor-tab-content-3135\" class=\"elementor-tab-content elementor-clearfix\" data-tab=\"5\" role=\"tabpanel\" aria-labelledby=\"elementor-tab-title-3135\" tabindex=\"0\" hidden=\"hidden\">Contenido de la pesta\u00f1a<\/div>\n\t\t\t\t\t\t\t<\/div>\n\t\t<\/div>\n\t\t\t\t\t\t<\/div>\n\t\t\t\t<\/div>\n\t\t\t\t\t<\/div>\n\t\t<\/div>\n\t\t\t\t\t<\/div>\n\t\t<\/section>\n\t\t\t\t<\/div>\n\t\t","protected":false},"excerpt":{"rendered":"<p class=\"tx-excerpt\">Contacto Presentaci\u00f3n Talleres Panel Fotografico Reglamento de Investigaci\u00f3n Contacto Dra. Sandra Rosa TAPIA RODRIGUEZ Cel:&nbsp;974 618 941 Correo: stapia@pedagogicovirgendelanatividad.edu.pe Presentaci\u00f3n SOPORTE UNIDAD DE<div class=\"tx-read-more\"><a href=\"https:\/\/pedagogicovirgendelanatividad.edu.pe\/portal\/soporte-a-la-unidad-de-investigacion\/\">Seguir Leyendo<\/a><\/div>","protected":false},"author":1,"featured_media":0,"parent":0,"menu_order":0,"comment_status":"closed","ping_status":"closed","template":"","meta":{"footnotes":""},"class_list":["post-3724","page","type-page","status-publish","hentry"],"_links":{"self":[{"href":"https:\/\/pedagogicovirgendelanatividad.edu.pe\/portal\/wp-json\/wp\/v2\/pages\/3724","targetHints":{"allow":["GET"]}}],"collection":[{"href":"https:\/\/pedagogicovirgendelanatividad.edu.pe\/portal\/wp-json\/wp\/v2\/pages"}],"about":[{"href":"https:\/\/pedagogicovirgendelanatividad.edu.pe\/portal\/wp-json\/wp\/v2\/types\/page"}],"author":[{"embeddable":true,"href":"https:\/\/pedagogicovirgendelanatividad.edu.pe\/portal\/wp-json\/wp\/v2\/users\/1"}],"replies":[{"embeddable":true,"href":"https:\/\/pedagogicovirgendelanatividad.edu.pe\/portal\/wp-json\/wp\/v2\/comments?post=3724"}],"version-history":[{"count":13,"href":"https:\/\/pedagogicovirgendelanatividad.edu.pe\/portal\/wp-json\/wp\/v2\/pages\/3724\/revisions"}],"predecessor-version":[{"id":4454,"href":"https:\/\/pedagogicovirgendelanatividad.edu.pe\/portal\/wp-json\/wp\/v2\/pages\/3724\/revisions\/4454"}],"wp:attachment":[{"href":"https:\/\/pedagogicovirgendelanatividad.edu.pe\/portal\/wp-json\/wp\/v2\/media?parent=3724"}],"curies":[{"name":"wp","href":"https:\/\/api.w.org\/{rel}","templated":true}]}}